{"id":95,"date":"2020-04-12T23:46:53","date_gmt":"2020-04-12T21:46:53","guid":{"rendered":"http:\/\/www.littlefarmcosmetics.be\/?page_id=95"},"modified":"2020-07-22T16:37:28","modified_gmt":"2020-07-22T14:37:28","slug":"cream","status":"publish","type":"page","link":"https:\/\/www.littlefarmcosmetics.be\/?page_id=95","title":{"rendered":"Cream &#038; Skincare"},"content":{"rendered":"\n<h3 class=\"wp-block-heading\">Nos cr\u00e8mes nourrissent en profondeur, apaisent les irritations et les tiraillements. La peau est prot\u00e9g\u00e9e et plus douce. Intens\u00e9ment nourrie, elle retrouve sa souplesse et son \u00e9clat.<br>Texture fondante et naturellement parfum\u00e9e aux hydrolats 100% naturels et biologiques.<\/h3>\n\n\n\n<div class=\"wp-block-buttons is-layout-flex wp-block-buttons-is-layout-flex\">\n<div class=\"wp-block-button is-style-outline\"><a class=\"wp-block-button__link\" href=\"http:\/\/littlefarm.be\/gamme-de-soins\/\" target=\"_blank\" rel=\"noreferrer noopener\">D\u00e9couvrez nos cr\u00e8mes<\/a><\/div>\n\n\n\n<div class=\"wp-block-button is-style-outline\"><a class=\"wp-block-button__link\" href=\"http:\/\/littlefarm.be\/skincare\/\" target=\"_blank\" rel=\"noreferrer noopener\">D\u00e9couvrez nos skincare<\/a><\/div>\n<\/div>\n\n\n\n<div style=\"height:20px\" aria-hidden=\"true\" class=\"wp-block-spacer\"><\/div>\n\n\n\n<figure class=\"wp-block-gallery columns-1 is-cropped wp-block-gallery-1 is-layout-flex wp-block-gallery-is-layout-flex\"><ul class=\"blocks-gallery-grid\"><li class=\"blocks-gallery-item\"><figure><img loading=\"lazy\" decoding=\"async\" width=\"1024\" height=\"569\" src=\"http:\/\/www.littlefarmcosmetics.be\/wp-content\/uploads\/2020\/04\/GAMME-SKINCARE-1024x569.jpg\" alt=\"\" data-id=\"99\" data-full-url=\"http:\/\/www.littlefarmcosmetics.be\/wp-content\/uploads\/2020\/04\/GAMME-SKINCARE-scaled.jpg\" data-link=\"http:\/\/www.littlefarmcosmetics.be\/?attachment_id=99\" class=\"wp-image-99\" srcset=\"https:\/\/www.littlefarmcosmetics.be\/wp-content\/uploads\/2020\/04\/GAMME-SKINCARE-1024x569.jpg 1024w, https:\/\/www.littlefarmcosmetics.be\/wp-content\/uploads\/2020\/04\/GAMME-SKINCARE-300x167.jpg 300w, https:\/\/www.littlefarmcosmetics.be\/wp-content\/uploads\/2020\/04\/GAMME-SKINCARE-768x427.jpg 768w, https:\/\/www.littlefarmcosmetics.be\/wp-content\/uploads\/2020\/04\/GAMME-SKINCARE-1536x853.jpg 1536w, https:\/\/www.littlefarmcosmetics.be\/wp-content\/uploads\/2020\/04\/GAMME-SKINCARE-2048x1138.jpg 2048w\" sizes=\"(max-width: 706px) 89vw, (max-width: 767px) 82vw, 740px\" \/><\/figure><\/li><\/ul><\/figure>\n\n\n\n<p><\/p>\n","protected":false},"excerpt":{"rendered":"<p>Nos cr\u00e8mes nourrissent en profondeur, apaisent les irritations et les tiraillements. La peau est prot\u00e9g\u00e9e et plus douce. Intens\u00e9ment nourrie, elle retrouve sa souplesse et son \u00e9clat.Texture fondante et naturellement parfum\u00e9e aux hydrolats 100% naturels et biologiques.<\/p>\n","protected":false},"author":1,"featured_media":96,"parent":0,"menu_order":0,"comment_status":"closed","ping_status":"closed","template":"","meta":{"_monsterinsights_skip_tracking":false,"_monsterinsights_sitenote_active":false,"_monsterinsights_sitenote_note":"","_monsterinsights_sitenote_category":0,"footnotes":""},"_links":{"self":[{"href":"https:\/\/www.littlefarmcosmetics.be\/index.php?rest_route=\/wp\/v2\/pages\/95"}],"collection":[{"href":"https:\/\/www.littlefarmcosmetics.be\/index.php?rest_route=\/wp\/v2\/pages"}],"about":[{"href":"https:\/\/www.littlefarmcosmetics.be\/index.php?rest_route=\/wp\/v2\/types\/page"}],"author":[{"embeddable":true,"href":"https:\/\/www.littlefarmcosmetics.be\/index.php?rest_route=\/wp\/v2\/users\/1"}],"replies":[{"embeddable":true,"href":"https:\/\/www.littlefarmcosmetics.be\/index.php?rest_route=%2Fwp%2Fv2%2Fcomments&post=95"}],"version-history":[{"count":5,"href":"https:\/\/www.littlefarmcosmetics.be\/index.php?rest_route=\/wp\/v2\/pages\/95\/revisions"}],"predecessor-version":[{"id":163,"href":"https:\/\/www.littlefarmcosmetics.be\/index.php?rest_route=\/wp\/v2\/pages\/95\/revisions\/163"}],"wp:featuredmedia":[{"embeddable":true,"href":"https:\/\/www.littlefarmcosmetics.be\/index.php?rest_route=\/wp\/v2\/media\/96"}],"wp:attachment":[{"href":"https:\/\/www.littlefarmcosmetics.be\/index.php?rest_route=%2Fwp%2Fv2%2Fmedia&parent=95"}],"curies":[{"name":"wp","href":"https:\/\/api.w.org\/{rel}","templated":true}]}}