{"id":62,"date":"2020-04-12T23:21:08","date_gmt":"2020-04-12T21:21:08","guid":{"rendered":"http:\/\/www.littlefarmcosmetics.be\/?page_id=62"},"modified":"2020-04-12T23:45:09","modified_gmt":"2020-04-12T21:45:09","slug":"scrub","status":"publish","type":"page","link":"https:\/\/www.littlefarmcosmetics.be\/?page_id=62","title":{"rendered":"Scrub"},"content":{"rendered":"\n<h2 class=\"wp-block-heading\">En appliquant un gommage r\u00e9guli\u00e8rement, la peau est exfoli\u00e9e et lib\u00e9r\u00e9e des cellules mortes, les pores sont resserr\u00e9s, les imperfections sont att\u00e9nu\u00e9es, le grain de peau est plus fin, ferme, lisse et doux au toucher et le teint est davantage \u00e9clatant.<\/h2>\n\n\n\n<div class=\"wp-block-buttons is-layout-flex wp-block-buttons-is-layout-flex\">\n<div class=\"wp-block-button is-style-outline\"><a class=\"wp-block-button__link\" href=\"http:\/\/littlefarm.be\/scrub\/\" target=\"_blank\" rel=\"noreferrer noopener\">D\u00e9couvrez notre gamme de gommages<\/a><\/div>\n<\/div>\n\n\n\n<div style=\"height:20px\" aria-hidden=\"true\" class=\"wp-block-spacer\"><\/div>\n\n\n\n<p>En supprimant les cellules mortes de l\u2019\u00e9piderme, la peau est aussi plus r\u00e9ceptive aux divers cr\u00e8mes et soins appliqu\u00e9s ult\u00e9rieurement et destin\u00e9s \u00e0 l\u2019embellir (cr\u00e8mes de jour, hydratants, autobronzants, produits minceur\u2026).<\/p>\n\n\n\n<h2 class=\"wp-block-heading\">Ses bienfaits<\/h2>\n\n\n\n<p><strong>Sur le visage<\/strong><br>Utilisez toujours notre gommage visage \u00e0 la vanille afin d\u2019\u00e9viter tout risque d\u2019irritation ou d\u2019allergie. Appliquez-le avec une extr\u00eame douceur, du bout des doigts et par petits mouvements circulaires, en insistant sur les parties m\u00e9dianes (le nez, le front, le menton\u2026) tout en \u00e9vitant les contours des yeux. Il convient aussi parfaitement \u00e0 vos l\u00e8vres ne les oubli\u00e9s pas\u2026 Laissez poser quelques minutes (souvent 1 \u00e0 2 minutes) puis rincez soigneusement la peau, afin d\u2019\u00e9liminer les grains irritants.<\/p>\n\n\n\n<p><strong>Sur le corps<\/strong><br>Nos formules contiennent des particules exfoliantes, plus \u00e9paisses et d\u00e9capantes. Le gommage s\u2019applique avant la douche ou le bain, sur une peau s\u00e8che ou humide, par mouvements de massage circulaires en insistant sur les zones rugueuses (coudes, genoux, talons\u2026). Laissez poser quelques minutes et rincez abondamment.<br><br><strong>Nos gommages sont \u00e0 base de sucre doux et d\u2019huiles v\u00e9g\u00e9tales pures, bios et de premi\u00e8re qualit\u00e9s.<\/strong><\/p>\n\n\n\n<h4 class=\"wp-block-heading\"><strong>Il se choisit aussi en fonction du type de peau<\/strong><\/h4>\n\n\n\n<ul><li>Sur les peaux normales, tous les gommages conviennent de mani\u00e8re g\u00e9n\u00e9rale. Cependant, il est important de tester les gommages contenant des huiles essentielles dans le creux de votre coude.<\/li><li>Sur les peaux sensibles, il est pr\u00e9f\u00e9rable de choisir des gommages doux qui n\u2019irritent pas trop l\u2019\u00e9piderme. Comme le Scrubs Vanille Rose<\/li><li>Sur les peaux grasses, des gommages au G\u00e9ranium, et \u00e0 l\u2019eucalyptus sont conseill\u00e9s. Ils assurent avec efficacit\u00e9 un nettoyage en profondeur.<\/li><\/ul>\n\n\n\n<figure class=\"wp-block-gallery columns-1 is-cropped wp-block-gallery-1 is-layout-flex wp-block-gallery-is-layout-flex\"><ul class=\"blocks-gallery-grid\"><li class=\"blocks-gallery-item\"><figure><img loading=\"lazy\" decoding=\"async\" width=\"1024\" height=\"512\" src=\"http:\/\/www.littlefarmcosmetics.be\/wp-content\/uploads\/2020\/04\/GAMME-SCRUB-1024x512.jpg\" alt=\"\" data-id=\"93\" data-full-url=\"http:\/\/www.littlefarmcosmetics.be\/wp-content\/uploads\/2020\/04\/GAMME-SCRUB-scaled.jpg\" data-link=\"http:\/\/www.littlefarmcosmetics.be\/?attachment_id=93\" class=\"wp-image-93\" srcset=\"https:\/\/www.littlefarmcosmetics.be\/wp-content\/uploads\/2020\/04\/GAMME-SCRUB-1024x512.jpg 1024w, https:\/\/www.littlefarmcosmetics.be\/wp-content\/uploads\/2020\/04\/GAMME-SCRUB-300x150.jpg 300w, https:\/\/www.littlefarmcosmetics.be\/wp-content\/uploads\/2020\/04\/GAMME-SCRUB-768x384.jpg 768w, https:\/\/www.littlefarmcosmetics.be\/wp-content\/uploads\/2020\/04\/GAMME-SCRUB-1536x768.jpg 1536w, https:\/\/www.littlefarmcosmetics.be\/wp-content\/uploads\/2020\/04\/GAMME-SCRUB-2048x1024.jpg 2048w\" sizes=\"(max-width: 706px) 89vw, (max-width: 767px) 82vw, 740px\" \/><\/figure><\/li><\/ul><\/figure>\n\n\n\n<div class=\"wp-block-buttons is-layout-flex wp-block-buttons-is-layout-flex\">\n<div class=\"wp-block-button is-style-outline\"><a class=\"wp-block-button__link\" href=\"http:\/\/littlefarm.be\/scrub\/\" target=\"_blank\" rel=\"noreferrer noopener\">D\u00e9couvrez notre gamme de gommages<\/a><\/div>\n<\/div>\n","protected":false},"excerpt":{"rendered":"<p>En appliquant un gommage r\u00e9guli\u00e8rement, la peau est exfoli\u00e9e et lib\u00e9r\u00e9e des cellules mortes, les pores sont resserr\u00e9s, les imperfections sont att\u00e9nu\u00e9es, le grain de peau est plus fin, ferme, lisse et doux au toucher et le teint est davantage \u00e9clatant. En supprimant les cellules mortes de l\u2019\u00e9piderme, la peau est aussi plus r\u00e9ceptive aux &hellip; <\/p>\n<p class=\"link-more\"><a href=\"https:\/\/www.littlefarmcosmetics.be\/?page_id=62\" class=\"more-link\">Continue reading<span class=\"screen-reader-text\"> &#8220;Scrub&#8221;<\/span><\/a><\/p>\n","protected":false},"author":1,"featured_media":0,"parent":0,"menu_order":0,"comment_status":"closed","ping_status":"closed","template":"","meta":{"_monsterinsights_skip_tracking":false,"_monsterinsights_sitenote_active":false,"_monsterinsights_sitenote_note":"","_monsterinsights_sitenote_category":0,"footnotes":""},"_links":{"self":[{"href":"https:\/\/www.littlefarmcosmetics.be\/index.php?rest_route=\/wp\/v2\/pages\/62"}],"collection":[{"href":"https:\/\/www.littlefarmcosmetics.be\/index.php?rest_route=\/wp\/v2\/pages"}],"about":[{"href":"https:\/\/www.littlefarmcosmetics.be\/index.php?rest_route=\/wp\/v2\/types\/page"}],"author":[{"embeddable":true,"href":"https:\/\/www.littlefarmcosmetics.be\/index.php?rest_route=\/wp\/v2\/users\/1"}],"replies":[{"embeddable":true,"href":"https:\/\/www.littlefarmcosmetics.be\/index.php?rest_route=%2Fwp%2Fv2%2Fcomments&post=62"}],"version-history":[{"count":3,"href":"https:\/\/www.littlefarmcosmetics.be\/index.php?rest_route=\/wp\/v2\/pages\/62\/revisions"}],"predecessor-version":[{"id":94,"href":"https:\/\/www.littlefarmcosmetics.be\/index.php?rest_route=\/wp\/v2\/pages\/62\/revisions\/94"}],"wp:attachment":[{"href":"https:\/\/www.littlefarmcosmetics.be\/index.php?rest_route=%2Fwp%2Fv2%2Fmedia&parent=62"}],"curies":[{"name":"wp","href":"https:\/\/api.w.org\/{rel}","templated":true}]}}