{"id":59,"date":"2020-04-12T23:18:53","date_gmt":"2020-04-12T21:18:53","guid":{"rendered":"http:\/\/www.littlefarmcosmetics.be\/?page_id=59"},"modified":"2020-04-13T00:32:49","modified_gmt":"2020-04-12T22:32:49","slug":"tonic","status":"publish","type":"page","link":"https:\/\/www.littlefarmcosmetics.be\/?page_id=59","title":{"rendered":"Tonic"},"content":{"rendered":"\n<h2 class=\"wp-block-heading\">Profitez des d\u00e9licieuses senteurs de nos eaux florales &amp; hydrolats bio &amp; naturels pour vous d\u00e9tendre et prendre soin de vous ! Vous pourrez ainsi en d\u00e9couvrir tous les bienfaits et propri\u00e9t\u00e9s des plantes qui les composent : fleur d\u2019oranger, lavande, g\u00e9ranium, camomille\u2026 Les diff\u00e9rents parfums de nos eaux florales &amp; hydrolats bio &amp; naturels invitent \u00e0 la d\u00e9tente et au soin !<\/h2>\n\n\n\n<div class=\"wp-block-buttons is-layout-flex wp-block-buttons-is-layout-flex\">\n<div class=\"wp-block-button is-style-outline\"><a class=\"wp-block-button__link\" href=\"http:\/\/littlefarm.be\/water\/\" target=\"_blank\" rel=\"noreferrer noopener\">D\u00e9couvrez notre gamme compl\u00e8te d&#8217;hydrolats<\/a><\/div>\n<\/div>\n\n\n\n<div style=\"height:20px\" aria-hidden=\"true\" class=\"wp-block-spacer\"><\/div>\n\n\n\n<h4 class=\"wp-block-heading\">Les Hydrolats, qu\u2019est-ce que c\u2019est ?<\/h4>\n\n\n\n<p>Les hydrolats sont des eaux aromatiques appel\u00e9es aussi eaux florales. Ils sont issus de la distillation d\u2019une plante ou d\u2019une fleur \u00e0 la vapeur d\u2019eau en vue d\u2019obtenir une huile essentielle. Lorsque le processus de distillation est enclench\u00e9, la vapeur d\u2019eau entraine les mol\u00e9cules aromatiques dans l\u2019alambic. En refroidissant, la vapeur devient liquide et c\u2019est \u00e0 ce moment l\u00e0 que l\u2019huile essentielle, grasse se s\u00e9pare de l\u2019eau qui n\u2019est plus tout \u00e0 fait de l\u2019eau puisqu\u2019elle a \u00e9t\u00e9 charg\u00e9e en mol\u00e9cules aromatiques. C\u2019est de l\u2019hydrolat !<\/p>\n\n\n\n<p>Les hydrolats ont les m\u00eames propri\u00e9t\u00e9s que les huiles essentielles qu\u2019ils ont servi \u00e0 produire mais avec une action th\u00e9rapeutique moindre. Ils sont plus doux et ne comportent pas de contre indications. Pour r\u00e9sumer, une eau florale d\u2019Helichryse Italienne (Immortelle) sera plus douce que l\u2019huile essentielle d\u2019H\u00e9lichryse Italienne avec des propri\u00e9t\u00e9s similaires mais moindres et sans contre indications ! Que demander de plus !<\/p>\n\n\n\n<figure class=\"wp-block-gallery columns-1 is-cropped wp-block-gallery-1 is-layout-flex wp-block-gallery-is-layout-flex\"><ul class=\"blocks-gallery-grid\"><li class=\"blocks-gallery-item\"><figure><img loading=\"lazy\" decoding=\"async\" width=\"768\" height=\"1024\" src=\"http:\/\/www.littlefarmcosmetics.be\/wp-content\/uploads\/2020\/04\/WATER-1009-768x1024.jpg\" alt=\"\" data-id=\"91\" data-full-url=\"http:\/\/www.littlefarmcosmetics.be\/wp-content\/uploads\/2020\/04\/WATER-1009-scaled.jpg\" data-link=\"http:\/\/www.littlefarmcosmetics.be\/?attachment_id=91\" class=\"wp-image-91\" srcset=\"https:\/\/www.littlefarmcosmetics.be\/wp-content\/uploads\/2020\/04\/WATER-1009-768x1024.jpg 768w, https:\/\/www.littlefarmcosmetics.be\/wp-content\/uploads\/2020\/04\/WATER-1009-225x300.jpg 225w, https:\/\/www.littlefarmcosmetics.be\/wp-content\/uploads\/2020\/04\/WATER-1009-1152x1536.jpg 1152w, https:\/\/www.littlefarmcosmetics.be\/wp-content\/uploads\/2020\/04\/WATER-1009-1536x2048.jpg 1536w, https:\/\/www.littlefarmcosmetics.be\/wp-content\/uploads\/2020\/04\/WATER-1009-scaled.jpg 1920w\" sizes=\"(max-width: 706px) 89vw, (max-width: 767px) 82vw, 740px\" \/><\/figure><\/li><\/ul><\/figure>\n\n\n\n<figure class=\"wp-block-gallery columns-4 is-cropped wp-block-gallery-2 is-layout-flex wp-block-gallery-is-layout-flex\"><ul class=\"blocks-gallery-grid\"><li class=\"blocks-gallery-item\"><figure><img loading=\"lazy\" decoding=\"async\" width=\"1024\" height=\"1024\" src=\"http:\/\/www.littlefarmcosmetics.be\/wp-content\/uploads\/2020\/04\/WATER1009-1024x1024.jpg\" alt=\"\" data-id=\"153\" data-full-url=\"http:\/\/www.littlefarmcosmetics.be\/wp-content\/uploads\/2020\/04\/WATER1009-scaled.jpg\" data-link=\"http:\/\/www.littlefarmcosmetics.be\/?attachment_id=153\" class=\"wp-image-153\" srcset=\"https:\/\/www.littlefarmcosmetics.be\/wp-content\/uploads\/2020\/04\/WATER1009-1024x1024.jpg 1024w, https:\/\/www.littlefarmcosmetics.be\/wp-content\/uploads\/2020\/04\/WATER1009-300x300.jpg 300w, https:\/\/www.littlefarmcosmetics.be\/wp-content\/uploads\/2020\/04\/WATER1009-150x150.jpg 150w, https:\/\/www.littlefarmcosmetics.be\/wp-content\/uploads\/2020\/04\/WATER1009-768x768.jpg 768w, https:\/\/www.littlefarmcosmetics.be\/wp-content\/uploads\/2020\/04\/WATER1009-1536x1536.jpg 1536w, https:\/\/www.littlefarmcosmetics.be\/wp-content\/uploads\/2020\/04\/WATER1009-2048x2048.jpg 2048w, https:\/\/www.littlefarmcosmetics.be\/wp-content\/uploads\/2020\/04\/WATER1009-100x100.jpg 100w\" sizes=\"(max-width: 706px) 89vw, (max-width: 767px) 82vw, 740px\" \/><\/figure><\/li><li class=\"blocks-gallery-item\"><figure><img loading=\"lazy\" decoding=\"async\" width=\"1024\" height=\"1024\" src=\"http:\/\/www.littlefarmcosmetics.be\/wp-content\/uploads\/2020\/04\/WATER1007-1024x1024.jpg\" alt=\"\" data-id=\"152\" data-full-url=\"http:\/\/www.littlefarmcosmetics.be\/wp-content\/uploads\/2020\/04\/WATER1007-scaled.jpg\" data-link=\"http:\/\/www.littlefarmcosmetics.be\/?attachment_id=152\" class=\"wp-image-152\" srcset=\"https:\/\/www.littlefarmcosmetics.be\/wp-content\/uploads\/2020\/04\/WATER1007-1024x1024.jpg 1024w, https:\/\/www.littlefarmcosmetics.be\/wp-content\/uploads\/2020\/04\/WATER1007-300x300.jpg 300w, https:\/\/www.littlefarmcosmetics.be\/wp-content\/uploads\/2020\/04\/WATER1007-150x150.jpg 150w, https:\/\/www.littlefarmcosmetics.be\/wp-content\/uploads\/2020\/04\/WATER1007-768x768.jpg 768w, https:\/\/www.littlefarmcosmetics.be\/wp-content\/uploads\/2020\/04\/WATER1007-1536x1536.jpg 1536w, https:\/\/www.littlefarmcosmetics.be\/wp-content\/uploads\/2020\/04\/WATER1007-2048x2048.jpg 2048w, https:\/\/www.littlefarmcosmetics.be\/wp-content\/uploads\/2020\/04\/WATER1007-100x100.jpg 100w\" sizes=\"(max-width: 706px) 89vw, (max-width: 767px) 82vw, 740px\" \/><\/figure><\/li><li class=\"blocks-gallery-item\"><figure><img loading=\"lazy\" decoding=\"async\" width=\"1024\" height=\"1024\" src=\"http:\/\/www.littlefarmcosmetics.be\/wp-content\/uploads\/2020\/04\/WATER1003-1024x1024.jpg\" alt=\"\" data-id=\"151\" data-full-url=\"http:\/\/www.littlefarmcosmetics.be\/wp-content\/uploads\/2020\/04\/WATER1003-scaled.jpg\" data-link=\"http:\/\/www.littlefarmcosmetics.be\/?attachment_id=151\" class=\"wp-image-151\" srcset=\"https:\/\/www.littlefarmcosmetics.be\/wp-content\/uploads\/2020\/04\/WATER1003-1024x1024.jpg 1024w, https:\/\/www.littlefarmcosmetics.be\/wp-content\/uploads\/2020\/04\/WATER1003-300x300.jpg 300w, https:\/\/www.littlefarmcosmetics.be\/wp-content\/uploads\/2020\/04\/WATER1003-150x150.jpg 150w, https:\/\/www.littlefarmcosmetics.be\/wp-content\/uploads\/2020\/04\/WATER1003-768x768.jpg 768w, https:\/\/www.littlefarmcosmetics.be\/wp-content\/uploads\/2020\/04\/WATER1003-1536x1536.jpg 1536w, https:\/\/www.littlefarmcosmetics.be\/wp-content\/uploads\/2020\/04\/WATER1003-2048x2048.jpg 2048w, https:\/\/www.littlefarmcosmetics.be\/wp-content\/uploads\/2020\/04\/WATER1003-100x100.jpg 100w\" sizes=\"(max-width: 706px) 89vw, (max-width: 767px) 82vw, 740px\" \/><\/figure><\/li><li class=\"blocks-gallery-item\"><figure><img loading=\"lazy\" decoding=\"async\" width=\"1024\" height=\"1024\" src=\"http:\/\/www.littlefarmcosmetics.be\/wp-content\/uploads\/2020\/04\/WATER1002-1024x1024.jpg\" alt=\"\" data-id=\"150\" data-full-url=\"http:\/\/www.littlefarmcosmetics.be\/wp-content\/uploads\/2020\/04\/WATER1002-scaled.jpg\" data-link=\"http:\/\/www.littlefarmcosmetics.be\/?attachment_id=150\" class=\"wp-image-150\" srcset=\"https:\/\/www.littlefarmcosmetics.be\/wp-content\/uploads\/2020\/04\/WATER1002-1024x1024.jpg 1024w, https:\/\/www.littlefarmcosmetics.be\/wp-content\/uploads\/2020\/04\/WATER1002-300x300.jpg 300w, https:\/\/www.littlefarmcosmetics.be\/wp-content\/uploads\/2020\/04\/WATER1002-150x150.jpg 150w, https:\/\/www.littlefarmcosmetics.be\/wp-content\/uploads\/2020\/04\/WATER1002-768x768.jpg 768w, https:\/\/www.littlefarmcosmetics.be\/wp-content\/uploads\/2020\/04\/WATER1002-1536x1536.jpg 1536w, https:\/\/www.littlefarmcosmetics.be\/wp-content\/uploads\/2020\/04\/WATER1002-2048x2048.jpg 2048w, https:\/\/www.littlefarmcosmetics.be\/wp-content\/uploads\/2020\/04\/WATER1002-100x100.jpg 100w\" sizes=\"(max-width: 706px) 89vw, (max-width: 767px) 82vw, 740px\" \/><\/figure><\/li><li class=\"blocks-gallery-item\"><figure><img loading=\"lazy\" decoding=\"async\" width=\"1024\" height=\"1024\" src=\"http:\/\/www.littlefarmcosmetics.be\/wp-content\/uploads\/2020\/04\/WATER1001-1024x1024.jpg\" alt=\"\" data-id=\"149\" data-full-url=\"http:\/\/www.littlefarmcosmetics.be\/wp-content\/uploads\/2020\/04\/WATER1001-scaled.jpg\" data-link=\"http:\/\/www.littlefarmcosmetics.be\/?attachment_id=149\" class=\"wp-image-149\" srcset=\"https:\/\/www.littlefarmcosmetics.be\/wp-content\/uploads\/2020\/04\/WATER1001-1024x1024.jpg 1024w, https:\/\/www.littlefarmcosmetics.be\/wp-content\/uploads\/2020\/04\/WATER1001-300x300.jpg 300w, https:\/\/www.littlefarmcosmetics.be\/wp-content\/uploads\/2020\/04\/WATER1001-150x150.jpg 150w, https:\/\/www.littlefarmcosmetics.be\/wp-content\/uploads\/2020\/04\/WATER1001-768x768.jpg 768w, https:\/\/www.littlefarmcosmetics.be\/wp-content\/uploads\/2020\/04\/WATER1001-1536x1536.jpg 1536w, https:\/\/www.littlefarmcosmetics.be\/wp-content\/uploads\/2020\/04\/WATER1001-2048x2048.jpg 2048w, https:\/\/www.littlefarmcosmetics.be\/wp-content\/uploads\/2020\/04\/WATER1001-100x100.jpg 100w\" sizes=\"(max-width: 706px) 89vw, (max-width: 767px) 82vw, 740px\" \/><\/figure><\/li><\/ul><\/figure>\n\n\n\n<div class=\"wp-block-buttons is-layout-flex wp-block-buttons-is-layout-flex\">\n<div class=\"wp-block-button is-style-outline\"><a class=\"wp-block-button__link\" href=\"http:\/\/littlefarm.be\/water\/\" target=\"_blank\" rel=\"noreferrer noopener\">D\u00e9couvrez notre gamme compl\u00e8te d&#8217;hydrolats<\/a><\/div>\n<\/div>\n\n\n\n<p><\/p>\n","protected":false},"excerpt":{"rendered":"<p>Profitez des d\u00e9licieuses senteurs de nos eaux florales &amp; hydrolats bio &amp; naturels pour vous d\u00e9tendre et prendre soin de vous ! Vous pourrez ainsi en d\u00e9couvrir tous les bienfaits et propri\u00e9t\u00e9s des plantes qui les composent : fleur d\u2019oranger, lavande, g\u00e9ranium, camomille\u2026 Les diff\u00e9rents parfums de nos eaux florales &amp; hydrolats bio &amp; naturels &hellip; <\/p>\n<p class=\"link-more\"><a href=\"https:\/\/www.littlefarmcosmetics.be\/?page_id=59\" class=\"more-link\">Continue reading<span class=\"screen-reader-text\"> &#8220;Tonic&#8221;<\/span><\/a><\/p>\n","protected":false},"author":1,"featured_media":148,"parent":0,"menu_order":0,"comment_status":"closed","ping_status":"closed","template":"","meta":{"_monsterinsights_skip_tracking":false,"_monsterinsights_sitenote_active":false,"_monsterinsights_sitenote_note":"","_monsterinsights_sitenote_category":0,"footnotes":""},"_links":{"self":[{"href":"https:\/\/www.littlefarmcosmetics.be\/index.php?rest_route=\/wp\/v2\/pages\/59"}],"collection":[{"href":"https:\/\/www.littlefarmcosmetics.be\/index.php?rest_route=\/wp\/v2\/pages"}],"about":[{"href":"https:\/\/www.littlefarmcosmetics.be\/index.php?rest_route=\/wp\/v2\/types\/page"}],"author":[{"embeddable":true,"href":"https:\/\/www.littlefarmcosmetics.be\/index.php?rest_route=\/wp\/v2\/users\/1"}],"replies":[{"embeddable":true,"href":"https:\/\/www.littlefarmcosmetics.be\/index.php?rest_route=%2Fwp%2Fv2%2Fcomments&post=59"}],"version-history":[{"count":3,"href":"https:\/\/www.littlefarmcosmetics.be\/index.php?rest_route=\/wp\/v2\/pages\/59\/revisions"}],"predecessor-version":[{"id":154,"href":"https:\/\/www.littlefarmcosmetics.be\/index.php?rest_route=\/wp\/v2\/pages\/59\/revisions\/154"}],"wp:featuredmedia":[{"embeddable":true,"href":"https:\/\/www.littlefarmcosmetics.be\/index.php?rest_route=\/wp\/v2\/media\/148"}],"wp:attachment":[{"href":"https:\/\/www.littlefarmcosmetics.be\/index.php?rest_route=%2Fwp%2Fv2%2Fmedia&parent=59"}],"curies":[{"name":"wp","href":"https:\/\/api.w.org\/{rel}","templated":true}]}}