{"id":2,"date":"2020-04-12T17:28:16","date_gmt":"2020-04-12T15:28:16","guid":{"rendered":"http:\/\/www.littlefarmcosmetics.be\/?page_id=2"},"modified":"2020-04-13T00:23:26","modified_gmt":"2020-04-12T22:23:26","slug":"page-d-exemple","status":"publish","type":"page","link":"https:\/\/www.littlefarmcosmetics.be\/?page_id=2","title":{"rendered":"Balm"},"content":{"rendered":"\n<h2 class=\"wp-block-heading\">Un baume, qu\u2019est-ce que c\u2019est ?<\/h2>\n\n\n\n<div class=\"wp-block-buttons is-layout-flex wp-block-buttons-is-layout-flex\">\n<div class=\"wp-block-button is-style-outline\"><a class=\"wp-block-button__link\" href=\"http:\/\/littlefarm.be\/balm\/\" target=\"_blank\" rel=\"noreferrer noopener\">D\u00e9couvrez notre gamme de baumes<\/a><\/div>\n<\/div>\n\n\n\n<div style=\"height:20px\" aria-hidden=\"true\" class=\"wp-block-spacer\"><\/div>\n\n\n\n<p>Le baume est un produit de soin du visage et du corps un peu particulier. Avec sa texture tr\u00e8s grasse et consistante, il se distingue d\u2019une simple cr\u00e8me nourrissante.<br>En hiver, la peau est mise \u00e0 rude \u00e9preuve. Le froid, le vent, le manque de vitamine D et de lumi\u00e8re ne lui sont pas favorables, surtout pas aux peaux s\u00e8ches. <strong>La solution ? Le baume !<\/strong><br>Sa premi\u00e8re vertu est de nourrir la peau en profondeur pour qu\u2019elle soit prot\u00e9g\u00e9e tout l\u2019hiver. Elle reste souple et douce. Il a des vertus r\u00e9paratrices : il r\u00e9conforte les peaux irrit\u00e9es ou gerc\u00e9es. Le baume, votre nouvel alli\u00e9 anti-dess\u00e8chement !<\/p>\n\n\n\n<figure class=\"wp-block-gallery columns-4 is-cropped wp-block-gallery-1 is-layout-flex wp-block-gallery-is-layout-flex\"><ul class=\"blocks-gallery-grid\"><li class=\"blocks-gallery-item\"><figure><img loading=\"lazy\" decoding=\"async\" width=\"1024\" height=\"1024\" src=\"http:\/\/www.littlefarmcosmetics.be\/wp-content\/uploads\/2020\/04\/BALM1001-1024x1024.jpg\" alt=\"\" data-id=\"115\" data-full-url=\"http:\/\/www.littlefarmcosmetics.be\/wp-content\/uploads\/2020\/04\/BALM1001-scaled.jpg\" data-link=\"http:\/\/www.littlefarmcosmetics.be\/?attachment_id=115\" class=\"wp-image-115\" srcset=\"https:\/\/www.littlefarmcosmetics.be\/wp-content\/uploads\/2020\/04\/BALM1001-1024x1024.jpg 1024w, https:\/\/www.littlefarmcosmetics.be\/wp-content\/uploads\/2020\/04\/BALM1001-300x300.jpg 300w, https:\/\/www.littlefarmcosmetics.be\/wp-content\/uploads\/2020\/04\/BALM1001-150x150.jpg 150w, https:\/\/www.littlefarmcosmetics.be\/wp-content\/uploads\/2020\/04\/BALM1001-768x768.jpg 768w, https:\/\/www.littlefarmcosmetics.be\/wp-content\/uploads\/2020\/04\/BALM1001-1536x1536.jpg 1536w, https:\/\/www.littlefarmcosmetics.be\/wp-content\/uploads\/2020\/04\/BALM1001-2048x2048.jpg 2048w, https:\/\/www.littlefarmcosmetics.be\/wp-content\/uploads\/2020\/04\/BALM1001-100x100.jpg 100w\" sizes=\"(max-width: 706px) 89vw, (max-width: 767px) 82vw, 740px\" \/><\/figure><\/li><li class=\"blocks-gallery-item\"><figure><img loading=\"lazy\" decoding=\"async\" width=\"1024\" height=\"1024\" src=\"http:\/\/www.littlefarmcosmetics.be\/wp-content\/uploads\/2020\/04\/BALM1002-1024x1024.jpg\" alt=\"\" data-id=\"116\" data-full-url=\"http:\/\/www.littlefarmcosmetics.be\/wp-content\/uploads\/2020\/04\/BALM1002-scaled.jpg\" data-link=\"http:\/\/www.littlefarmcosmetics.be\/?attachment_id=116\" class=\"wp-image-116\" srcset=\"https:\/\/www.littlefarmcosmetics.be\/wp-content\/uploads\/2020\/04\/BALM1002-1024x1024.jpg 1024w, https:\/\/www.littlefarmcosmetics.be\/wp-content\/uploads\/2020\/04\/BALM1002-300x300.jpg 300w, https:\/\/www.littlefarmcosmetics.be\/wp-content\/uploads\/2020\/04\/BALM1002-150x150.jpg 150w, https:\/\/www.littlefarmcosmetics.be\/wp-content\/uploads\/2020\/04\/BALM1002-768x768.jpg 768w, https:\/\/www.littlefarmcosmetics.be\/wp-content\/uploads\/2020\/04\/BALM1002-1536x1536.jpg 1536w, https:\/\/www.littlefarmcosmetics.be\/wp-content\/uploads\/2020\/04\/BALM1002-2048x2048.jpg 2048w, https:\/\/www.littlefarmcosmetics.be\/wp-content\/uploads\/2020\/04\/BALM1002-100x100.jpg 100w\" sizes=\"(max-width: 706px) 89vw, (max-width: 767px) 82vw, 740px\" \/><\/figure><\/li><li class=\"blocks-gallery-item\"><figure><img loading=\"lazy\" decoding=\"async\" width=\"1024\" height=\"1024\" src=\"http:\/\/www.littlefarmcosmetics.be\/wp-content\/uploads\/2020\/04\/BALM1003-1024x1024.jpg\" alt=\"\" data-id=\"117\" data-full-url=\"http:\/\/www.littlefarmcosmetics.be\/wp-content\/uploads\/2020\/04\/BALM1003-scaled.jpg\" data-link=\"http:\/\/www.littlefarmcosmetics.be\/?attachment_id=117\" class=\"wp-image-117\" srcset=\"https:\/\/www.littlefarmcosmetics.be\/wp-content\/uploads\/2020\/04\/BALM1003-1024x1024.jpg 1024w, https:\/\/www.littlefarmcosmetics.be\/wp-content\/uploads\/2020\/04\/BALM1003-300x300.jpg 300w, https:\/\/www.littlefarmcosmetics.be\/wp-content\/uploads\/2020\/04\/BALM1003-150x150.jpg 150w, https:\/\/www.littlefarmcosmetics.be\/wp-content\/uploads\/2020\/04\/BALM1003-768x768.jpg 768w, https:\/\/www.littlefarmcosmetics.be\/wp-content\/uploads\/2020\/04\/BALM1003-1536x1536.jpg 1536w, https:\/\/www.littlefarmcosmetics.be\/wp-content\/uploads\/2020\/04\/BALM1003-2048x2048.jpg 2048w, https:\/\/www.littlefarmcosmetics.be\/wp-content\/uploads\/2020\/04\/BALM1003-100x100.jpg 100w\" sizes=\"(max-width: 706px) 89vw, (max-width: 767px) 82vw, 740px\" \/><\/figure><\/li><li class=\"blocks-gallery-item\"><figure><img loading=\"lazy\" decoding=\"async\" width=\"1024\" height=\"1024\" src=\"http:\/\/www.littlefarmcosmetics.be\/wp-content\/uploads\/2020\/04\/BALM1005-1024x1024.jpg\" alt=\"\" data-id=\"119\" data-full-url=\"http:\/\/www.littlefarmcosmetics.be\/wp-content\/uploads\/2020\/04\/BALM1005-scaled.jpg\" data-link=\"http:\/\/www.littlefarmcosmetics.be\/?attachment_id=119\" class=\"wp-image-119\" srcset=\"https:\/\/www.littlefarmcosmetics.be\/wp-content\/uploads\/2020\/04\/BALM1005-1024x1024.jpg 1024w, https:\/\/www.littlefarmcosmetics.be\/wp-content\/uploads\/2020\/04\/BALM1005-300x300.jpg 300w, https:\/\/www.littlefarmcosmetics.be\/wp-content\/uploads\/2020\/04\/BALM1005-150x150.jpg 150w, https:\/\/www.littlefarmcosmetics.be\/wp-content\/uploads\/2020\/04\/BALM1005-768x768.jpg 768w, https:\/\/www.littlefarmcosmetics.be\/wp-content\/uploads\/2020\/04\/BALM1005-1536x1536.jpg 1536w, https:\/\/www.littlefarmcosmetics.be\/wp-content\/uploads\/2020\/04\/BALM1005-2048x2048.jpg 2048w, https:\/\/www.littlefarmcosmetics.be\/wp-content\/uploads\/2020\/04\/BALM1005-100x100.jpg 100w\" sizes=\"(max-width: 706px) 89vw, (max-width: 767px) 82vw, 740px\" \/><\/figure><\/li><li class=\"blocks-gallery-item\"><figure><img loading=\"lazy\" decoding=\"async\" width=\"1024\" height=\"1024\" src=\"http:\/\/www.littlefarmcosmetics.be\/wp-content\/uploads\/2020\/04\/BALM1006-1024x1024.jpg\" alt=\"\" data-id=\"120\" data-full-url=\"http:\/\/www.littlefarmcosmetics.be\/wp-content\/uploads\/2020\/04\/BALM1006-scaled.jpg\" data-link=\"http:\/\/www.littlefarmcosmetics.be\/?attachment_id=120\" class=\"wp-image-120\" srcset=\"https:\/\/www.littlefarmcosmetics.be\/wp-content\/uploads\/2020\/04\/BALM1006-1024x1024.jpg 1024w, https:\/\/www.littlefarmcosmetics.be\/wp-content\/uploads\/2020\/04\/BALM1006-300x300.jpg 300w, https:\/\/www.littlefarmcosmetics.be\/wp-content\/uploads\/2020\/04\/BALM1006-150x150.jpg 150w, https:\/\/www.littlefarmcosmetics.be\/wp-content\/uploads\/2020\/04\/BALM1006-768x768.jpg 768w, https:\/\/www.littlefarmcosmetics.be\/wp-content\/uploads\/2020\/04\/BALM1006-1536x1536.jpg 1536w, https:\/\/www.littlefarmcosmetics.be\/wp-content\/uploads\/2020\/04\/BALM1006-2048x2048.jpg 2048w, https:\/\/www.littlefarmcosmetics.be\/wp-content\/uploads\/2020\/04\/BALM1006-100x100.jpg 100w\" sizes=\"(max-width: 706px) 89vw, (max-width: 767px) 82vw, 740px\" \/><\/figure><\/li><\/ul><\/figure>\n\n\n\n<div class=\"wp-block-buttons is-layout-flex wp-block-buttons-is-layout-flex\">\n<div class=\"wp-block-button is-style-outline\"><a class=\"wp-block-button__link\" href=\"http:\/\/littlefarm.be\/balm\/\" target=\"_blank\" rel=\"noreferrer noopener\">D\u00e9couvrez notre gamme de baumes<\/a><\/div>\n<\/div>\n\n\n\n<p><\/p>\n","protected":false},"excerpt":{"rendered":"<p>Un baume, qu\u2019est-ce que c\u2019est ? Le baume est un produit de soin du visage et du corps un peu particulier. Avec sa texture tr\u00e8s grasse et consistante, il se distingue d\u2019une simple cr\u00e8me nourrissante.En hiver, la peau est mise \u00e0 rude \u00e9preuve. Le froid, le vent, le manque de vitamine D et de lumi\u00e8re &hellip; <\/p>\n<p class=\"link-more\"><a href=\"https:\/\/www.littlefarmcosmetics.be\/?page_id=2\" class=\"more-link\">Continue reading<span class=\"screen-reader-text\"> &#8220;Balm&#8221;<\/span><\/a><\/p>\n","protected":false},"author":1,"featured_media":85,"parent":0,"menu_order":0,"comment_status":"closed","ping_status":"open","template":"","meta":{"_monsterinsights_skip_tracking":false,"_monsterinsights_sitenote_active":false,"_monsterinsights_sitenote_note":"","_monsterinsights_sitenote_category":0,"footnotes":""},"_links":{"self":[{"href":"https:\/\/www.littlefarmcosmetics.be\/index.php?rest_route=\/wp\/v2\/pages\/2"}],"collection":[{"href":"https:\/\/www.littlefarmcosmetics.be\/index.php?rest_route=\/wp\/v2\/pages"}],"about":[{"href":"https:\/\/www.littlefarmcosmetics.be\/index.php?rest_route=\/wp\/v2\/types\/page"}],"author":[{"embeddable":true,"href":"https:\/\/www.littlefarmcosmetics.be\/index.php?rest_route=\/wp\/v2\/users\/1"}],"replies":[{"embeddable":true,"href":"https:\/\/www.littlefarmcosmetics.be\/index.php?rest_route=%2Fwp%2Fv2%2Fcomments&post=2"}],"version-history":[{"count":4,"href":"https:\/\/www.littlefarmcosmetics.be\/index.php?rest_route=\/wp\/v2\/pages\/2\/revisions"}],"predecessor-version":[{"id":121,"href":"https:\/\/www.littlefarmcosmetics.be\/index.php?rest_route=\/wp\/v2\/pages\/2\/revisions\/121"}],"wp:featuredmedia":[{"embeddable":true,"href":"https:\/\/www.littlefarmcosmetics.be\/index.php?rest_route=\/wp\/v2\/media\/85"}],"wp:attachment":[{"href":"https:\/\/www.littlefarmcosmetics.be\/index.php?rest_route=%2Fwp%2Fv2%2Fmedia&parent=2"}],"curies":[{"name":"wp","href":"https:\/\/api.w.org\/{rel}","templated":true}]}}