{"id":17,"date":"2020-04-12T22:46:58","date_gmt":"2020-04-12T20:46:58","guid":{"rendered":"http:\/\/www.littlefarmcosmetics.be\/?page_id=17"},"modified":"2020-04-13T00:26:23","modified_gmt":"2020-04-12T22:26:23","slug":"une-section-de-page-daccueil","status":"publish","type":"page","link":"https:\/\/www.littlefarmcosmetics.be\/?page_id=17","title":{"rendered":"Oil"},"content":{"rendered":"\n<h2 class=\"wp-block-heading\">Riches en acides gras, en vitamine A, D ou E, ces formidables hydratants p\u00e9n\u00e8trent facilement la peau qu\u2019ils nourrissent en profondeur. D\u00e9couvrez l\u2019essentiel de la gamme Little Farm sur ces alli\u00e9s incontournables pour un teint \u00e9clatant.<\/h2>\n\n\n\n<div class=\"wp-block-buttons is-layout-flex wp-block-buttons-is-layout-flex\">\n<div class=\"wp-block-button is-style-outline\"><a class=\"wp-block-button__link\" href=\"http:\/\/littlefarm.be\/oil\/\" target=\"_blank\" rel=\"noreferrer noopener\">D\u00e9couvrez notre gamme d&#8217;huiles<\/a><\/div>\n<\/div>\n\n\n\n<div style=\"height:20px\" aria-hidden=\"true\" class=\"wp-block-spacer\"><\/div>\n\n\n\n<p>Les huiles v\u00e9g\u00e9tales sont extraites \u00e0 partir des graines et fruits des plantes ol\u00e9agineuses.<br>D\u00e9couvrez les bienfaits de l\u2019utilisation des diff\u00e9rentes huiles v\u00e9g\u00e9tales et profiter de toutes leurs vertus.<br>Rentrez dans le monde passionnant des huiles corporelles bio &amp; naturelles gr\u00e2ce \u00e0 notre large s\u00e9lection. Vous trouverez forc\u00e9ment les huiles biologiques qu\u2019il vous faut : anti-vergeture, anti-stress, raffermissante, cicatrisante\u2026 Nos huiles de premi\u00e8re qualit\u00e9 et bio r\u00e9pondront \u00e0 la majorit\u00e9 de vos besoins. Leurs parfums naturels sont une v\u00e9ritable invitation au bien-\u00eatre et une vraie reconnexion \u00e0 la nature !<\/p>\n\n\n\n<p>Les huiles v\u00e9g\u00e9tales bio sont surtout reconnues pour prendre soin de la peau, la nourrir, l\u2019assouplir, la prot\u00e9ger, mais aussi pour r\u00e9parer les crevasses ou encore calmer les irritations. Elles ont \u00e9galement des vertus reconnues contre le vieillissement cutan\u00e9, elles r\u00e9g\u00e9n\u00e8rent la peau et l\u2019hydrate. En cosm\u00e9tique, le mot hydrater signifie surtout prot\u00e9ger la peau contre la d\u00e9shydratation. L\u2019huile v\u00e9g\u00e9tale, qui cr\u00e9\u00e9 comme un film sur la peau, peut par exemple remplacer une cr\u00e8me.<\/p>\n\n\n\n<div class=\"wp-block-image\"><figure class=\"aligncenter size-large\"><img loading=\"lazy\" decoding=\"async\" width=\"1024\" height=\"1024\" src=\"http:\/\/www.littlefarmcosmetics.be\/wp-content\/uploads\/2020\/04\/OIL1012-1-1024x1024.jpg\" alt=\"\" class=\"wp-image-133\" srcset=\"https:\/\/www.littlefarmcosmetics.be\/wp-content\/uploads\/2020\/04\/OIL1012-1-1024x1024.jpg 1024w, https:\/\/www.littlefarmcosmetics.be\/wp-content\/uploads\/2020\/04\/OIL1012-1-300x300.jpg 300w, https:\/\/www.littlefarmcosmetics.be\/wp-content\/uploads\/2020\/04\/OIL1012-1-150x150.jpg 150w, https:\/\/www.littlefarmcosmetics.be\/wp-content\/uploads\/2020\/04\/OIL1012-1-768x768.jpg 768w, https:\/\/www.littlefarmcosmetics.be\/wp-content\/uploads\/2020\/04\/OIL1012-1-1536x1536.jpg 1536w, https:\/\/www.littlefarmcosmetics.be\/wp-content\/uploads\/2020\/04\/OIL1012-1-2048x2048.jpg 2048w, https:\/\/www.littlefarmcosmetics.be\/wp-content\/uploads\/2020\/04\/OIL1012-1-100x100.jpg 100w\" sizes=\"(max-width: 706px) 89vw, (max-width: 767px) 82vw, 740px\" \/><\/figure><\/div>\n\n\n\n<figure class=\"wp-block-gallery columns-4 is-cropped wp-block-gallery-1 is-layout-flex wp-block-gallery-is-layout-flex\"><ul class=\"blocks-gallery-grid\"><li class=\"blocks-gallery-item\"><figure><img loading=\"lazy\" decoding=\"async\" width=\"1024\" height=\"1024\" src=\"http:\/\/www.littlefarmcosmetics.be\/wp-content\/uploads\/2020\/04\/OIL1002-1024x1024.jpg\" alt=\"\" data-id=\"122\" data-full-url=\"http:\/\/www.littlefarmcosmetics.be\/wp-content\/uploads\/2020\/04\/OIL1002-scaled.jpg\" data-link=\"http:\/\/www.littlefarmcosmetics.be\/?attachment_id=122\" class=\"wp-image-122\" srcset=\"https:\/\/www.littlefarmcosmetics.be\/wp-content\/uploads\/2020\/04\/OIL1002-1024x1024.jpg 1024w, https:\/\/www.littlefarmcosmetics.be\/wp-content\/uploads\/2020\/04\/OIL1002-300x300.jpg 300w, https:\/\/www.littlefarmcosmetics.be\/wp-content\/uploads\/2020\/04\/OIL1002-150x150.jpg 150w, https:\/\/www.littlefarmcosmetics.be\/wp-content\/uploads\/2020\/04\/OIL1002-768x768.jpg 768w, https:\/\/www.littlefarmcosmetics.be\/wp-content\/uploads\/2020\/04\/OIL1002-1536x1536.jpg 1536w, https:\/\/www.littlefarmcosmetics.be\/wp-content\/uploads\/2020\/04\/OIL1002-2048x2048.jpg 2048w, https:\/\/www.littlefarmcosmetics.be\/wp-content\/uploads\/2020\/04\/OIL1002-100x100.jpg 100w\" sizes=\"(max-width: 706px) 89vw, (max-width: 767px) 82vw, 740px\" \/><\/figure><\/li><li class=\"blocks-gallery-item\"><figure><img loading=\"lazy\" decoding=\"async\" width=\"1024\" height=\"1024\" src=\"http:\/\/www.littlefarmcosmetics.be\/wp-content\/uploads\/2020\/04\/OIL1003-1024x1024.jpg\" alt=\"\" data-id=\"123\" data-full-url=\"http:\/\/www.littlefarmcosmetics.be\/wp-content\/uploads\/2020\/04\/OIL1003-scaled.jpg\" data-link=\"http:\/\/www.littlefarmcosmetics.be\/?attachment_id=123\" class=\"wp-image-123\" srcset=\"https:\/\/www.littlefarmcosmetics.be\/wp-content\/uploads\/2020\/04\/OIL1003-1024x1024.jpg 1024w, https:\/\/www.littlefarmcosmetics.be\/wp-content\/uploads\/2020\/04\/OIL1003-300x300.jpg 300w, https:\/\/www.littlefarmcosmetics.be\/wp-content\/uploads\/2020\/04\/OIL1003-150x150.jpg 150w, https:\/\/www.littlefarmcosmetics.be\/wp-content\/uploads\/2020\/04\/OIL1003-768x768.jpg 768w, https:\/\/www.littlefarmcosmetics.be\/wp-content\/uploads\/2020\/04\/OIL1003-1536x1536.jpg 1536w, https:\/\/www.littlefarmcosmetics.be\/wp-content\/uploads\/2020\/04\/OIL1003-2048x2048.jpg 2048w, https:\/\/www.littlefarmcosmetics.be\/wp-content\/uploads\/2020\/04\/OIL1003-100x100.jpg 100w\" sizes=\"(max-width: 706px) 89vw, (max-width: 767px) 82vw, 740px\" \/><\/figure><\/li><li class=\"blocks-gallery-item\"><figure><img loading=\"lazy\" decoding=\"async\" width=\"1024\" height=\"1024\" src=\"http:\/\/www.littlefarmcosmetics.be\/wp-content\/uploads\/2020\/04\/OIL1004-1024x1024.jpg\" alt=\"\" data-id=\"124\" data-full-url=\"http:\/\/www.littlefarmcosmetics.be\/wp-content\/uploads\/2020\/04\/OIL1004-scaled.jpg\" data-link=\"http:\/\/www.littlefarmcosmetics.be\/?attachment_id=124\" class=\"wp-image-124\" srcset=\"https:\/\/www.littlefarmcosmetics.be\/wp-content\/uploads\/2020\/04\/OIL1004-1024x1024.jpg 1024w, https:\/\/www.littlefarmcosmetics.be\/wp-content\/uploads\/2020\/04\/OIL1004-300x300.jpg 300w, https:\/\/www.littlefarmcosmetics.be\/wp-content\/uploads\/2020\/04\/OIL1004-150x150.jpg 150w, https:\/\/www.littlefarmcosmetics.be\/wp-content\/uploads\/2020\/04\/OIL1004-768x768.jpg 768w, https:\/\/www.littlefarmcosmetics.be\/wp-content\/uploads\/2020\/04\/OIL1004-1536x1536.jpg 1536w, https:\/\/www.littlefarmcosmetics.be\/wp-content\/uploads\/2020\/04\/OIL1004-2048x2048.jpg 2048w, https:\/\/www.littlefarmcosmetics.be\/wp-content\/uploads\/2020\/04\/OIL1004-100x100.jpg 100w\" sizes=\"(max-width: 706px) 89vw, (max-width: 767px) 82vw, 740px\" \/><\/figure><\/li><li class=\"blocks-gallery-item\"><figure><img loading=\"lazy\" decoding=\"async\" width=\"1024\" height=\"1024\" src=\"http:\/\/www.littlefarmcosmetics.be\/wp-content\/uploads\/2020\/04\/OIL1008-1024x1024.jpg\" alt=\"\" data-id=\"125\" data-full-url=\"http:\/\/www.littlefarmcosmetics.be\/wp-content\/uploads\/2020\/04\/OIL1008-scaled.jpg\" data-link=\"http:\/\/www.littlefarmcosmetics.be\/?attachment_id=125\" class=\"wp-image-125\" srcset=\"https:\/\/www.littlefarmcosmetics.be\/wp-content\/uploads\/2020\/04\/OIL1008-1024x1024.jpg 1024w, https:\/\/www.littlefarmcosmetics.be\/wp-content\/uploads\/2020\/04\/OIL1008-300x300.jpg 300w, https:\/\/www.littlefarmcosmetics.be\/wp-content\/uploads\/2020\/04\/OIL1008-150x150.jpg 150w, https:\/\/www.littlefarmcosmetics.be\/wp-content\/uploads\/2020\/04\/OIL1008-768x768.jpg 768w, https:\/\/www.littlefarmcosmetics.be\/wp-content\/uploads\/2020\/04\/OIL1008-1536x1536.jpg 1536w, https:\/\/www.littlefarmcosmetics.be\/wp-content\/uploads\/2020\/04\/OIL1008-2048x2048.jpg 2048w, https:\/\/www.littlefarmcosmetics.be\/wp-content\/uploads\/2020\/04\/OIL1008-100x100.jpg 100w\" sizes=\"(max-width: 706px) 89vw, (max-width: 767px) 82vw, 740px\" \/><\/figure><\/li><li class=\"blocks-gallery-item\"><figure><img loading=\"lazy\" decoding=\"async\" width=\"1024\" height=\"1024\" src=\"http:\/\/www.littlefarmcosmetics.be\/wp-content\/uploads\/2020\/04\/OIL1011-1024x1024.jpg\" alt=\"\" data-id=\"126\" data-full-url=\"http:\/\/www.littlefarmcosmetics.be\/wp-content\/uploads\/2020\/04\/OIL1011-scaled.jpg\" data-link=\"http:\/\/www.littlefarmcosmetics.be\/?attachment_id=126\" class=\"wp-image-126\" srcset=\"https:\/\/www.littlefarmcosmetics.be\/wp-content\/uploads\/2020\/04\/OIL1011-1024x1024.jpg 1024w, https:\/\/www.littlefarmcosmetics.be\/wp-content\/uploads\/2020\/04\/OIL1011-300x300.jpg 300w, https:\/\/www.littlefarmcosmetics.be\/wp-content\/uploads\/2020\/04\/OIL1011-150x150.jpg 150w, https:\/\/www.littlefarmcosmetics.be\/wp-content\/uploads\/2020\/04\/OIL1011-768x768.jpg 768w, https:\/\/www.littlefarmcosmetics.be\/wp-content\/uploads\/2020\/04\/OIL1011-1536x1536.jpg 1536w, https:\/\/www.littlefarmcosmetics.be\/wp-content\/uploads\/2020\/04\/OIL1011-2048x2048.jpg 2048w, https:\/\/www.littlefarmcosmetics.be\/wp-content\/uploads\/2020\/04\/OIL1011-100x100.jpg 100w\" sizes=\"(max-width: 706px) 89vw, (max-width: 767px) 82vw, 740px\" \/><\/figure><\/li><li class=\"blocks-gallery-item\"><figure><img loading=\"lazy\" decoding=\"async\" width=\"1024\" height=\"1024\" src=\"http:\/\/www.littlefarmcosmetics.be\/wp-content\/uploads\/2020\/04\/OIL1012-1024x1024.jpg\" alt=\"\" data-id=\"127\" data-full-url=\"http:\/\/www.littlefarmcosmetics.be\/wp-content\/uploads\/2020\/04\/OIL1012-scaled.jpg\" data-link=\"http:\/\/www.littlefarmcosmetics.be\/?attachment_id=127\" class=\"wp-image-127\" srcset=\"https:\/\/www.littlefarmcosmetics.be\/wp-content\/uploads\/2020\/04\/OIL1012-1024x1024.jpg 1024w, https:\/\/www.littlefarmcosmetics.be\/wp-content\/uploads\/2020\/04\/OIL1012-300x300.jpg 300w, https:\/\/www.littlefarmcosmetics.be\/wp-content\/uploads\/2020\/04\/OIL1012-150x150.jpg 150w, https:\/\/www.littlefarmcosmetics.be\/wp-content\/uploads\/2020\/04\/OIL1012-768x768.jpg 768w, https:\/\/www.littlefarmcosmetics.be\/wp-content\/uploads\/2020\/04\/OIL1012-1536x1536.jpg 1536w, https:\/\/www.littlefarmcosmetics.be\/wp-content\/uploads\/2020\/04\/OIL1012-2048x2048.jpg 2048w, https:\/\/www.littlefarmcosmetics.be\/wp-content\/uploads\/2020\/04\/OIL1012-100x100.jpg 100w\" sizes=\"(max-width: 706px) 89vw, (max-width: 767px) 82vw, 740px\" \/><\/figure><\/li><li class=\"blocks-gallery-item\"><figure><img loading=\"lazy\" decoding=\"async\" width=\"1024\" height=\"1024\" src=\"http:\/\/www.littlefarmcosmetics.be\/wp-content\/uploads\/2020\/04\/OIL1016-1024x1024.jpg\" alt=\"\" data-id=\"128\" data-full-url=\"http:\/\/www.littlefarmcosmetics.be\/wp-content\/uploads\/2020\/04\/OIL1016-scaled.jpg\" data-link=\"http:\/\/www.littlefarmcosmetics.be\/?attachment_id=128\" class=\"wp-image-128\" srcset=\"https:\/\/www.littlefarmcosmetics.be\/wp-content\/uploads\/2020\/04\/OIL1016-1024x1024.jpg 1024w, https:\/\/www.littlefarmcosmetics.be\/wp-content\/uploads\/2020\/04\/OIL1016-300x300.jpg 300w, https:\/\/www.littlefarmcosmetics.be\/wp-content\/uploads\/2020\/04\/OIL1016-150x150.jpg 150w, https:\/\/www.littlefarmcosmetics.be\/wp-content\/uploads\/2020\/04\/OIL1016-768x768.jpg 768w, https:\/\/www.littlefarmcosmetics.be\/wp-content\/uploads\/2020\/04\/OIL1016-1536x1536.jpg 1536w, https:\/\/www.littlefarmcosmetics.be\/wp-content\/uploads\/2020\/04\/OIL1016-2048x2048.jpg 2048w, https:\/\/www.littlefarmcosmetics.be\/wp-content\/uploads\/2020\/04\/OIL1016-100x100.jpg 100w\" sizes=\"(max-width: 706px) 89vw, (max-width: 767px) 82vw, 740px\" \/><\/figure><\/li><li class=\"blocks-gallery-item\"><figure><img loading=\"lazy\" decoding=\"async\" width=\"1024\" height=\"1024\" src=\"http:\/\/www.littlefarmcosmetics.be\/wp-content\/uploads\/2020\/04\/OIL1017-1024x1024.jpg\" alt=\"\" data-id=\"129\" data-full-url=\"http:\/\/www.littlefarmcosmetics.be\/wp-content\/uploads\/2020\/04\/OIL1017-scaled.jpg\" data-link=\"http:\/\/www.littlefarmcosmetics.be\/?attachment_id=129\" class=\"wp-image-129\" srcset=\"https:\/\/www.littlefarmcosmetics.be\/wp-content\/uploads\/2020\/04\/OIL1017-1024x1024.jpg 1024w, https:\/\/www.littlefarmcosmetics.be\/wp-content\/uploads\/2020\/04\/OIL1017-300x300.jpg 300w, https:\/\/www.littlefarmcosmetics.be\/wp-content\/uploads\/2020\/04\/OIL1017-150x150.jpg 150w, https:\/\/www.littlefarmcosmetics.be\/wp-content\/uploads\/2020\/04\/OIL1017-768x768.jpg 768w, https:\/\/www.littlefarmcosmetics.be\/wp-content\/uploads\/2020\/04\/OIL1017-1536x1536.jpg 1536w, https:\/\/www.littlefarmcosmetics.be\/wp-content\/uploads\/2020\/04\/OIL1017-2048x2048.jpg 2048w, https:\/\/www.littlefarmcosmetics.be\/wp-content\/uploads\/2020\/04\/OIL1017-100x100.jpg 100w\" sizes=\"(max-width: 706px) 89vw, (max-width: 767px) 82vw, 740px\" \/><\/figure><\/li><li class=\"blocks-gallery-item\"><figure><img loading=\"lazy\" decoding=\"async\" width=\"1024\" height=\"1024\" src=\"http:\/\/www.littlefarmcosmetics.be\/wp-content\/uploads\/2020\/04\/OIL1018-1024x1024.jpg\" alt=\"\" data-id=\"130\" data-full-url=\"http:\/\/www.littlefarmcosmetics.be\/wp-content\/uploads\/2020\/04\/OIL1018-scaled.jpg\" data-link=\"http:\/\/www.littlefarmcosmetics.be\/?attachment_id=130\" class=\"wp-image-130\" srcset=\"https:\/\/www.littlefarmcosmetics.be\/wp-content\/uploads\/2020\/04\/OIL1018-1024x1024.jpg 1024w, https:\/\/www.littlefarmcosmetics.be\/wp-content\/uploads\/2020\/04\/OIL1018-300x300.jpg 300w, https:\/\/www.littlefarmcosmetics.be\/wp-content\/uploads\/2020\/04\/OIL1018-150x150.jpg 150w, https:\/\/www.littlefarmcosmetics.be\/wp-content\/uploads\/2020\/04\/OIL1018-768x768.jpg 768w, https:\/\/www.littlefarmcosmetics.be\/wp-content\/uploads\/2020\/04\/OIL1018-1536x1536.jpg 1536w, https:\/\/www.littlefarmcosmetics.be\/wp-content\/uploads\/2020\/04\/OIL1018-2048x2048.jpg 2048w, https:\/\/www.littlefarmcosmetics.be\/wp-content\/uploads\/2020\/04\/OIL1018-100x100.jpg 100w\" sizes=\"(max-width: 706px) 89vw, (max-width: 767px) 82vw, 740px\" \/><\/figure><\/li><li class=\"blocks-gallery-item\"><figure><img loading=\"lazy\" decoding=\"async\" width=\"1024\" height=\"1024\" src=\"http:\/\/www.littlefarmcosmetics.be\/wp-content\/uploads\/2020\/04\/OIL1006-1024x1024.jpg\" alt=\"\" data-id=\"131\" data-full-url=\"http:\/\/www.littlefarmcosmetics.be\/wp-content\/uploads\/2020\/04\/OIL1006-scaled.jpg\" data-link=\"http:\/\/www.littlefarmcosmetics.be\/?attachment_id=131\" class=\"wp-image-131\" srcset=\"https:\/\/www.littlefarmcosmetics.be\/wp-content\/uploads\/2020\/04\/OIL1006-1024x1024.jpg 1024w, https:\/\/www.littlefarmcosmetics.be\/wp-content\/uploads\/2020\/04\/OIL1006-300x300.jpg 300w, https:\/\/www.littlefarmcosmetics.be\/wp-content\/uploads\/2020\/04\/OIL1006-150x150.jpg 150w, https:\/\/www.littlefarmcosmetics.be\/wp-content\/uploads\/2020\/04\/OIL1006-768x768.jpg 768w, https:\/\/www.littlefarmcosmetics.be\/wp-content\/uploads\/2020\/04\/OIL1006-1536x1536.jpg 1536w, https:\/\/www.littlefarmcosmetics.be\/wp-content\/uploads\/2020\/04\/OIL1006-2048x2048.jpg 2048w, https:\/\/www.littlefarmcosmetics.be\/wp-content\/uploads\/2020\/04\/OIL1006-100x100.jpg 100w\" sizes=\"(max-width: 706px) 89vw, (max-width: 767px) 82vw, 740px\" \/><\/figure><\/li><li class=\"blocks-gallery-item\"><figure><img loading=\"lazy\" decoding=\"async\" width=\"1024\" height=\"1024\" src=\"http:\/\/www.littlefarmcosmetics.be\/wp-content\/uploads\/2020\/04\/OIL1007-1024x1024.jpg\" alt=\"\" data-id=\"132\" data-full-url=\"http:\/\/www.littlefarmcosmetics.be\/wp-content\/uploads\/2020\/04\/OIL1007-scaled.jpg\" data-link=\"http:\/\/www.littlefarmcosmetics.be\/?attachment_id=132\" class=\"wp-image-132\" srcset=\"https:\/\/www.littlefarmcosmetics.be\/wp-content\/uploads\/2020\/04\/OIL1007-1024x1024.jpg 1024w, https:\/\/www.littlefarmcosmetics.be\/wp-content\/uploads\/2020\/04\/OIL1007-300x300.jpg 300w, https:\/\/www.littlefarmcosmetics.be\/wp-content\/uploads\/2020\/04\/OIL1007-150x150.jpg 150w, https:\/\/www.littlefarmcosmetics.be\/wp-content\/uploads\/2020\/04\/OIL1007-768x768.jpg 768w, https:\/\/www.littlefarmcosmetics.be\/wp-content\/uploads\/2020\/04\/OIL1007-1536x1536.jpg 1536w, https:\/\/www.littlefarmcosmetics.be\/wp-content\/uploads\/2020\/04\/OIL1007-2048x2048.jpg 2048w, https:\/\/www.littlefarmcosmetics.be\/wp-content\/uploads\/2020\/04\/OIL1007-100x100.jpg 100w\" sizes=\"(max-width: 706px) 89vw, (max-width: 767px) 82vw, 740px\" \/><\/figure><\/li><li class=\"blocks-gallery-item\"><figure><img loading=\"lazy\" decoding=\"async\" width=\"1024\" height=\"1024\" src=\"http:\/\/www.littlefarmcosmetics.be\/wp-content\/uploads\/2020\/04\/OIL1013-1024x1024.jpg\" alt=\"\" data-id=\"134\" data-full-url=\"http:\/\/www.littlefarmcosmetics.be\/wp-content\/uploads\/2020\/04\/OIL1013-scaled.jpg\" data-link=\"http:\/\/www.littlefarmcosmetics.be\/?attachment_id=134\" class=\"wp-image-134\" srcset=\"https:\/\/www.littlefarmcosmetics.be\/wp-content\/uploads\/2020\/04\/OIL1013-1024x1024.jpg 1024w, https:\/\/www.littlefarmcosmetics.be\/wp-content\/uploads\/2020\/04\/OIL1013-300x300.jpg 300w, https:\/\/www.littlefarmcosmetics.be\/wp-content\/uploads\/2020\/04\/OIL1013-150x150.jpg 150w, https:\/\/www.littlefarmcosmetics.be\/wp-content\/uploads\/2020\/04\/OIL1013-768x768.jpg 768w, https:\/\/www.littlefarmcosmetics.be\/wp-content\/uploads\/2020\/04\/OIL1013-1536x1536.jpg 1536w, https:\/\/www.littlefarmcosmetics.be\/wp-content\/uploads\/2020\/04\/OIL1013-2048x2048.jpg 2048w, https:\/\/www.littlefarmcosmetics.be\/wp-content\/uploads\/2020\/04\/OIL1013-100x100.jpg 100w\" sizes=\"(max-width: 706px) 89vw, (max-width: 767px) 82vw, 740px\" \/><\/figure><\/li><li class=\"blocks-gallery-item\"><figure><img loading=\"lazy\" decoding=\"async\" width=\"1024\" height=\"1024\" src=\"http:\/\/www.littlefarmcosmetics.be\/wp-content\/uploads\/2020\/04\/OIL1015-1024x1024.jpg\" alt=\"\" data-id=\"135\" data-full-url=\"http:\/\/www.littlefarmcosmetics.be\/wp-content\/uploads\/2020\/04\/OIL1015-scaled.jpg\" data-link=\"http:\/\/www.littlefarmcosmetics.be\/?attachment_id=135\" class=\"wp-image-135\" srcset=\"https:\/\/www.littlefarmcosmetics.be\/wp-content\/uploads\/2020\/04\/OIL1015-1024x1024.jpg 1024w, https:\/\/www.littlefarmcosmetics.be\/wp-content\/uploads\/2020\/04\/OIL1015-300x300.jpg 300w, https:\/\/www.littlefarmcosmetics.be\/wp-content\/uploads\/2020\/04\/OIL1015-150x150.jpg 150w, https:\/\/www.littlefarmcosmetics.be\/wp-content\/uploads\/2020\/04\/OIL1015-768x768.jpg 768w, https:\/\/www.littlefarmcosmetics.be\/wp-content\/uploads\/2020\/04\/OIL1015-1536x1536.jpg 1536w, https:\/\/www.littlefarmcosmetics.be\/wp-content\/uploads\/2020\/04\/OIL1015-2048x2048.jpg 2048w, https:\/\/www.littlefarmcosmetics.be\/wp-content\/uploads\/2020\/04\/OIL1015-100x100.jpg 100w\" sizes=\"(max-width: 706px) 89vw, (max-width: 767px) 82vw, 740px\" \/><\/figure><\/li><li class=\"blocks-gallery-item\"><figure><img loading=\"lazy\" decoding=\"async\" width=\"1024\" height=\"1024\" src=\"http:\/\/www.littlefarmcosmetics.be\/wp-content\/uploads\/2020\/04\/OIL1001-1024x1024.jpg\" alt=\"\" data-id=\"137\" data-full-url=\"http:\/\/www.littlefarmcosmetics.be\/wp-content\/uploads\/2020\/04\/OIL1001-scaled.jpg\" data-link=\"http:\/\/www.littlefarmcosmetics.be\/?attachment_id=137\" class=\"wp-image-137\" srcset=\"https:\/\/www.littlefarmcosmetics.be\/wp-content\/uploads\/2020\/04\/OIL1001-1024x1024.jpg 1024w, https:\/\/www.littlefarmcosmetics.be\/wp-content\/uploads\/2020\/04\/OIL1001-300x300.jpg 300w, https:\/\/www.littlefarmcosmetics.be\/wp-content\/uploads\/2020\/04\/OIL1001-150x150.jpg 150w, https:\/\/www.littlefarmcosmetics.be\/wp-content\/uploads\/2020\/04\/OIL1001-768x768.jpg 768w, https:\/\/www.littlefarmcosmetics.be\/wp-content\/uploads\/2020\/04\/OIL1001-1536x1536.jpg 1536w, https:\/\/www.littlefarmcosmetics.be\/wp-content\/uploads\/2020\/04\/OIL1001-2048x2048.jpg 2048w, https:\/\/www.littlefarmcosmetics.be\/wp-content\/uploads\/2020\/04\/OIL1001-100x100.jpg 100w\" sizes=\"(max-width: 706px) 89vw, (max-width: 767px) 82vw, 740px\" \/><\/figure><\/li><\/ul><\/figure>\n\n\n\n<div class=\"wp-block-buttons is-layout-flex wp-block-buttons-is-layout-flex\">\n<div class=\"wp-block-button is-style-outline\"><a class=\"wp-block-button__link\" href=\"http:\/\/littlefarm.be\/oil\/\" target=\"_blank\" rel=\"noreferrer noopener\">D\u00e9couvrez notre gamme d&#8217;huiles<\/a><\/div>\n<\/div>\n","protected":false},"excerpt":{"rendered":"<p>Riches en acides gras, en vitamine A, D ou E, ces formidables hydratants p\u00e9n\u00e8trent facilement la peau qu\u2019ils nourrissent en profondeur. D\u00e9couvrez l\u2019essentiel de la gamme Little Farm sur ces alli\u00e9s incontournables pour un teint \u00e9clatant. Les huiles v\u00e9g\u00e9tales sont extraites \u00e0 partir des graines et fruits des plantes ol\u00e9agineuses.D\u00e9couvrez les bienfaits de l\u2019utilisation des &hellip; <\/p>\n<p class=\"link-more\"><a href=\"https:\/\/www.littlefarmcosmetics.be\/?page_id=17\" class=\"more-link\">Continue reading<span class=\"screen-reader-text\"> &#8220;Oil&#8221;<\/span><\/a><\/p>\n","protected":false},"author":1,"featured_media":105,"parent":0,"menu_order":0,"comment_status":"closed","ping_status":"closed","template":"","meta":{"_monsterinsights_skip_tracking":false,"_monsterinsights_sitenote_active":false,"_monsterinsights_sitenote_note":"","_monsterinsights_sitenote_category":0,"footnotes":""},"_links":{"self":[{"href":"https:\/\/www.littlefarmcosmetics.be\/index.php?rest_route=\/wp\/v2\/pages\/17"}],"collection":[{"href":"https:\/\/www.littlefarmcosmetics.be\/index.php?rest_route=\/wp\/v2\/pages"}],"about":[{"href":"https:\/\/www.littlefarmcosmetics.be\/index.php?rest_route=\/wp\/v2\/types\/page"}],"author":[{"embeddable":true,"href":"https:\/\/www.littlefarmcosmetics.be\/index.php?rest_route=\/wp\/v2\/users\/1"}],"replies":[{"embeddable":true,"href":"https:\/\/www.littlefarmcosmetics.be\/index.php?rest_route=%2Fwp%2Fv2%2Fcomments&post=17"}],"version-history":[{"count":6,"href":"https:\/\/www.littlefarmcosmetics.be\/index.php?rest_route=\/wp\/v2\/pages\/17\/revisions"}],"predecessor-version":[{"id":138,"href":"https:\/\/www.littlefarmcosmetics.be\/index.php?rest_route=\/wp\/v2\/pages\/17\/revisions\/138"}],"wp:featuredmedia":[{"embeddable":true,"href":"https:\/\/www.littlefarmcosmetics.be\/index.php?rest_route=\/wp\/v2\/media\/105"}],"wp:attachment":[{"href":"https:\/\/www.littlefarmcosmetics.be\/index.php?rest_route=%2Fwp%2Fv2%2Fmedia&parent=17"}],"curies":[{"name":"wp","href":"https:\/\/api.w.org\/{rel}","templated":true}]}}