{"id":14,"date":"2020-04-12T22:46:58","date_gmt":"2020-04-12T20:46:58","guid":{"rendered":"http:\/\/www.littlefarmcosmetics.be\/?page_id=14"},"modified":"2020-04-13T00:30:58","modified_gmt":"2020-04-12T22:30:58","slug":"a-propos-de","status":"publish","type":"page","link":"https:\/\/www.littlefarmcosmetics.be\/?page_id=14","title":{"rendered":"Soap"},"content":{"rendered":"\n<h2 class=\"wp-block-heading\">Les savons de la meilleure qualit\u00e9 sont issus d\u2019une saponification \u00e0 froid. Le fait de ne pas chauffer les huiles et les beurres v\u00e9g\u00e9taux permet de conserver tous les bienfaits qui composeront le savon : vitamines, acides gras et autres antioxydants.<\/h2>\n\n\n\n<div class=\"wp-block-buttons is-layout-flex wp-block-buttons-is-layout-flex\">\n<div class=\"wp-block-button is-style-outline\"><a class=\"wp-block-button__link\" href=\"http:\/\/littlefarm.be\/savon-a-saponification-a-froid\/\" target=\"_blank\" rel=\"noreferrer noopener\">D\u00e9couvrez notre gamme de savons<\/a><\/div>\n<\/div>\n\n\n\n<div style=\"height:20px\" aria-hidden=\"true\" class=\"wp-block-spacer\"><\/div>\n\n\n\n<p>Les savons saponifi\u00e9s \u00e0 froid surgras sont id\u00e9aux pour l\u2019hydratation de la peau ! La glyc\u00e9rine et les huiles permettent de restaurer la couche protectrice naturelle de la peau que les savons peuvent alt\u00e9rer. Elles d\u00e9posent sur la peau un film qui emp\u00eache l\u2019eau de s\u2019\u00e9vaporer. La peau reste alors hydrat\u00e9e plus longtemps.<br><br><strong>Conscients que les pains de savon ne plaisent pas \u00e0 tout le monde, nous avons d\u00e9clin\u00e9 une gamme de soins lavants liquides 100% naturels.<\/strong><\/p>\n\n\n\n<figure class=\"wp-block-gallery columns-4 is-cropped wp-block-gallery-1 is-layout-flex wp-block-gallery-is-layout-flex\"><ul class=\"blocks-gallery-grid\"><li class=\"blocks-gallery-item\"><figure><img loading=\"lazy\" decoding=\"async\" width=\"1024\" height=\"1024\" src=\"http:\/\/www.littlefarmcosmetics.be\/wp-content\/uploads\/2020\/04\/SAF-GERANIUM-1024x1024.jpg\" alt=\"\" data-id=\"140\" data-full-url=\"http:\/\/www.littlefarmcosmetics.be\/wp-content\/uploads\/2020\/04\/SAF-GERANIUM-scaled.jpg\" data-link=\"http:\/\/www.littlefarmcosmetics.be\/?attachment_id=140\" class=\"wp-image-140\" srcset=\"https:\/\/www.littlefarmcosmetics.be\/wp-content\/uploads\/2020\/04\/SAF-GERANIUM-1024x1024.jpg 1024w, https:\/\/www.littlefarmcosmetics.be\/wp-content\/uploads\/2020\/04\/SAF-GERANIUM-300x300.jpg 300w, https:\/\/www.littlefarmcosmetics.be\/wp-content\/uploads\/2020\/04\/SAF-GERANIUM-150x150.jpg 150w, https:\/\/www.littlefarmcosmetics.be\/wp-content\/uploads\/2020\/04\/SAF-GERANIUM-768x768.jpg 768w, https:\/\/www.littlefarmcosmetics.be\/wp-content\/uploads\/2020\/04\/SAF-GERANIUM-1536x1536.jpg 1536w, https:\/\/www.littlefarmcosmetics.be\/wp-content\/uploads\/2020\/04\/SAF-GERANIUM-2048x2048.jpg 2048w, https:\/\/www.littlefarmcosmetics.be\/wp-content\/uploads\/2020\/04\/SAF-GERANIUM-100x100.jpg 100w\" sizes=\"(max-width: 706px) 89vw, (max-width: 767px) 82vw, 740px\" \/><\/figure><\/li><li class=\"blocks-gallery-item\"><figure><img loading=\"lazy\" decoding=\"async\" width=\"1024\" height=\"1024\" src=\"http:\/\/www.littlefarmcosmetics.be\/wp-content\/uploads\/2020\/04\/SAF-LAVANDE-1024x1024.jpg\" alt=\"\" data-id=\"141\" data-full-url=\"http:\/\/www.littlefarmcosmetics.be\/wp-content\/uploads\/2020\/04\/SAF-LAVANDE-scaled.jpg\" data-link=\"http:\/\/www.littlefarmcosmetics.be\/?attachment_id=141\" class=\"wp-image-141\" srcset=\"https:\/\/www.littlefarmcosmetics.be\/wp-content\/uploads\/2020\/04\/SAF-LAVANDE-1024x1024.jpg 1024w, https:\/\/www.littlefarmcosmetics.be\/wp-content\/uploads\/2020\/04\/SAF-LAVANDE-300x300.jpg 300w, https:\/\/www.littlefarmcosmetics.be\/wp-content\/uploads\/2020\/04\/SAF-LAVANDE-150x150.jpg 150w, https:\/\/www.littlefarmcosmetics.be\/wp-content\/uploads\/2020\/04\/SAF-LAVANDE-768x768.jpg 768w, https:\/\/www.littlefarmcosmetics.be\/wp-content\/uploads\/2020\/04\/SAF-LAVANDE-1536x1536.jpg 1536w, https:\/\/www.littlefarmcosmetics.be\/wp-content\/uploads\/2020\/04\/SAF-LAVANDE-2048x2048.jpg 2048w, https:\/\/www.littlefarmcosmetics.be\/wp-content\/uploads\/2020\/04\/SAF-LAVANDE-100x100.jpg 100w\" sizes=\"(max-width: 706px) 89vw, (max-width: 767px) 82vw, 740px\" \/><\/figure><\/li><li class=\"blocks-gallery-item\"><figure><img loading=\"lazy\" decoding=\"async\" width=\"1024\" height=\"1024\" src=\"http:\/\/www.littlefarmcosmetics.be\/wp-content\/uploads\/2020\/04\/SAF-NEUTRE-1024x1024.jpg\" alt=\"\" data-id=\"142\" data-full-url=\"http:\/\/www.littlefarmcosmetics.be\/wp-content\/uploads\/2020\/04\/SAF-NEUTRE-scaled.jpg\" data-link=\"http:\/\/www.littlefarmcosmetics.be\/?attachment_id=142\" class=\"wp-image-142\" srcset=\"https:\/\/www.littlefarmcosmetics.be\/wp-content\/uploads\/2020\/04\/SAF-NEUTRE-1024x1024.jpg 1024w, https:\/\/www.littlefarmcosmetics.be\/wp-content\/uploads\/2020\/04\/SAF-NEUTRE-300x300.jpg 300w, https:\/\/www.littlefarmcosmetics.be\/wp-content\/uploads\/2020\/04\/SAF-NEUTRE-150x150.jpg 150w, https:\/\/www.littlefarmcosmetics.be\/wp-content\/uploads\/2020\/04\/SAF-NEUTRE-768x768.jpg 768w, https:\/\/www.littlefarmcosmetics.be\/wp-content\/uploads\/2020\/04\/SAF-NEUTRE-1536x1536.jpg 1536w, https:\/\/www.littlefarmcosmetics.be\/wp-content\/uploads\/2020\/04\/SAF-NEUTRE-2048x2048.jpg 2048w, https:\/\/www.littlefarmcosmetics.be\/wp-content\/uploads\/2020\/04\/SAF-NEUTRE-100x100.jpg 100w\" sizes=\"(max-width: 706px) 89vw, (max-width: 767px) 82vw, 740px\" \/><\/figure><\/li><li class=\"blocks-gallery-item\"><figure><img loading=\"lazy\" decoding=\"async\" width=\"1024\" height=\"1024\" src=\"http:\/\/www.littlefarmcosmetics.be\/wp-content\/uploads\/2020\/04\/SAF-rose-1024x1024.jpg\" alt=\"\" data-id=\"143\" data-full-url=\"http:\/\/www.littlefarmcosmetics.be\/wp-content\/uploads\/2020\/04\/SAF-rose-scaled.jpg\" data-link=\"http:\/\/www.littlefarmcosmetics.be\/?attachment_id=143\" class=\"wp-image-143\" srcset=\"https:\/\/www.littlefarmcosmetics.be\/wp-content\/uploads\/2020\/04\/SAF-rose-1024x1024.jpg 1024w, https:\/\/www.littlefarmcosmetics.be\/wp-content\/uploads\/2020\/04\/SAF-rose-300x300.jpg 300w, https:\/\/www.littlefarmcosmetics.be\/wp-content\/uploads\/2020\/04\/SAF-rose-150x150.jpg 150w, https:\/\/www.littlefarmcosmetics.be\/wp-content\/uploads\/2020\/04\/SAF-rose-768x768.jpg 768w, https:\/\/www.littlefarmcosmetics.be\/wp-content\/uploads\/2020\/04\/SAF-rose-1536x1536.jpg 1536w, https:\/\/www.littlefarmcosmetics.be\/wp-content\/uploads\/2020\/04\/SAF-rose-2048x2048.jpg 2048w, https:\/\/www.littlefarmcosmetics.be\/wp-content\/uploads\/2020\/04\/SAF-rose-100x100.jpg 100w\" sizes=\"(max-width: 706px) 89vw, (max-width: 767px) 82vw, 740px\" \/><\/figure><\/li><li class=\"blocks-gallery-item\"><figure><img loading=\"lazy\" decoding=\"async\" width=\"1024\" height=\"1024\" src=\"http:\/\/www.littlefarmcosmetics.be\/wp-content\/uploads\/2020\/04\/SOAP1008-1024x1024.jpg\" alt=\"\" data-id=\"144\" data-full-url=\"http:\/\/www.littlefarmcosmetics.be\/wp-content\/uploads\/2020\/04\/SOAP1008-scaled.jpg\" data-link=\"http:\/\/www.littlefarmcosmetics.be\/?attachment_id=144\" class=\"wp-image-144\" srcset=\"https:\/\/www.littlefarmcosmetics.be\/wp-content\/uploads\/2020\/04\/SOAP1008-1024x1024.jpg 1024w, https:\/\/www.littlefarmcosmetics.be\/wp-content\/uploads\/2020\/04\/SOAP1008-300x300.jpg 300w, https:\/\/www.littlefarmcosmetics.be\/wp-content\/uploads\/2020\/04\/SOAP1008-150x150.jpg 150w, https:\/\/www.littlefarmcosmetics.be\/wp-content\/uploads\/2020\/04\/SOAP1008-768x768.jpg 768w, https:\/\/www.littlefarmcosmetics.be\/wp-content\/uploads\/2020\/04\/SOAP1008-1536x1536.jpg 1536w, https:\/\/www.littlefarmcosmetics.be\/wp-content\/uploads\/2020\/04\/SOAP1008-2048x2048.jpg 2048w, https:\/\/www.littlefarmcosmetics.be\/wp-content\/uploads\/2020\/04\/SOAP1008-100x100.jpg 100w\" sizes=\"(max-width: 706px) 89vw, (max-width: 767px) 82vw, 740px\" \/><\/figure><\/li><\/ul><\/figure>\n\n\n\n<figure class=\"wp-block-gallery columns-2 is-cropped wp-block-gallery-2 is-layout-flex wp-block-gallery-is-layout-flex\"><ul class=\"blocks-gallery-grid\"><li class=\"blocks-gallery-item\"><figure><img loading=\"lazy\" decoding=\"async\" width=\"664\" height=\"1024\" src=\"http:\/\/www.littlefarmcosmetics.be\/wp-content\/uploads\/2020\/04\/VANILLE-ROSE-Soap1011-balm1002-scrub1001-664x1024.jpg\" alt=\"\" data-id=\"87\" data-full-url=\"http:\/\/www.littlefarmcosmetics.be\/wp-content\/uploads\/2020\/04\/VANILLE-ROSE-Soap1011-balm1002-scrub1001-scaled.jpg\" data-link=\"http:\/\/www.littlefarmcosmetics.be\/?attachment_id=87\" class=\"wp-image-87\" srcset=\"https:\/\/www.littlefarmcosmetics.be\/wp-content\/uploads\/2020\/04\/VANILLE-ROSE-Soap1011-balm1002-scrub1001-664x1024.jpg 664w, https:\/\/www.littlefarmcosmetics.be\/wp-content\/uploads\/2020\/04\/VANILLE-ROSE-Soap1011-balm1002-scrub1001-195x300.jpg 195w, https:\/\/www.littlefarmcosmetics.be\/wp-content\/uploads\/2020\/04\/VANILLE-ROSE-Soap1011-balm1002-scrub1001-768x1184.jpg 768w, https:\/\/www.littlefarmcosmetics.be\/wp-content\/uploads\/2020\/04\/VANILLE-ROSE-Soap1011-balm1002-scrub1001-997x1536.jpg 997w, https:\/\/www.littlefarmcosmetics.be\/wp-content\/uploads\/2020\/04\/VANILLE-ROSE-Soap1011-balm1002-scrub1001-1329x2048.jpg 1329w, https:\/\/www.littlefarmcosmetics.be\/wp-content\/uploads\/2020\/04\/VANILLE-ROSE-Soap1011-balm1002-scrub1001-scaled.jpg 1661w\" sizes=\"(max-width: 664px) 100vw, 664px\" \/><\/figure><\/li><li class=\"blocks-gallery-item\"><figure><img loading=\"lazy\" decoding=\"async\" width=\"717\" height=\"1024\" src=\"http:\/\/www.littlefarmcosmetics.be\/wp-content\/uploads\/2020\/04\/SOAP-1012-717x1024.jpg\" alt=\"\" data-id=\"88\" data-full-url=\"http:\/\/www.littlefarmcosmetics.be\/wp-content\/uploads\/2020\/04\/SOAP-1012-scaled.jpg\" data-link=\"http:\/\/www.littlefarmcosmetics.be\/?attachment_id=88\" class=\"wp-image-88\" srcset=\"https:\/\/www.littlefarmcosmetics.be\/wp-content\/uploads\/2020\/04\/SOAP-1012-717x1024.jpg 717w, https:\/\/www.littlefarmcosmetics.be\/wp-content\/uploads\/2020\/04\/SOAP-1012-210x300.jpg 210w, https:\/\/www.littlefarmcosmetics.be\/wp-content\/uploads\/2020\/04\/SOAP-1012-768x1097.jpg 768w, https:\/\/www.littlefarmcosmetics.be\/wp-content\/uploads\/2020\/04\/SOAP-1012-1075x1536.jpg 1075w, https:\/\/www.littlefarmcosmetics.be\/wp-content\/uploads\/2020\/04\/SOAP-1012-1434x2048.jpg 1434w, https:\/\/www.littlefarmcosmetics.be\/wp-content\/uploads\/2020\/04\/SOAP-1012-scaled.jpg 1792w\" sizes=\"(max-width: 717px) 100vw, 717px\" \/><\/figure><\/li><\/ul><\/figure>\n\n\n\n<div class=\"wp-block-buttons is-layout-flex wp-block-buttons-is-layout-flex\">\n<div class=\"wp-block-button is-style-outline\"><a class=\"wp-block-button__link\" href=\"http:\/\/littlefarm.be\/savon-a-saponification-a-froid\/\" target=\"_blank\" rel=\"noreferrer noopener\">D\u00e9couvrez notre gamme de savons<\/a><\/div>\n<\/div>\n","protected":false},"excerpt":{"rendered":"<p>Les savons de la meilleure qualit\u00e9 sont issus d\u2019une saponification \u00e0 froid. Le fait de ne pas chauffer les huiles et les beurres v\u00e9g\u00e9taux permet de conserver tous les bienfaits qui composeront le savon : vitamines, acides gras et autres antioxydants. Les savons saponifi\u00e9s \u00e0 froid surgras sont id\u00e9aux pour l\u2019hydratation de la peau ! &hellip; <\/p>\n<p class=\"link-more\"><a href=\"https:\/\/www.littlefarmcosmetics.be\/?page_id=14\" class=\"more-link\">Continue reading<span class=\"screen-reader-text\"> &#8220;Soap&#8221;<\/span><\/a><\/p>\n","protected":false},"author":1,"featured_media":139,"parent":0,"menu_order":0,"comment_status":"closed","ping_status":"closed","template":"","meta":{"_monsterinsights_skip_tracking":false,"_monsterinsights_sitenote_active":false,"_monsterinsights_sitenote_note":"","_monsterinsights_sitenote_category":0,"footnotes":""},"_links":{"self":[{"href":"https:\/\/www.littlefarmcosmetics.be\/index.php?rest_route=\/wp\/v2\/pages\/14"}],"collection":[{"href":"https:\/\/www.littlefarmcosmetics.be\/index.php?rest_route=\/wp\/v2\/pages"}],"about":[{"href":"https:\/\/www.littlefarmcosmetics.be\/index.php?rest_route=\/wp\/v2\/types\/page"}],"author":[{"embeddable":true,"href":"https:\/\/www.littlefarmcosmetics.be\/index.php?rest_route=\/wp\/v2\/users\/1"}],"replies":[{"embeddable":true,"href":"https:\/\/www.littlefarmcosmetics.be\/index.php?rest_route=%2Fwp%2Fv2%2Fcomments&post=14"}],"version-history":[{"count":5,"href":"https:\/\/www.littlefarmcosmetics.be\/index.php?rest_route=\/wp\/v2\/pages\/14\/revisions"}],"predecessor-version":[{"id":147,"href":"https:\/\/www.littlefarmcosmetics.be\/index.php?rest_route=\/wp\/v2\/pages\/14\/revisions\/147"}],"wp:featuredmedia":[{"embeddable":true,"href":"https:\/\/www.littlefarmcosmetics.be\/index.php?rest_route=\/wp\/v2\/media\/139"}],"wp:attachment":[{"href":"https:\/\/www.littlefarmcosmetics.be\/index.php?rest_route=%2Fwp%2Fv2%2Fmedia&parent=14"}],"curies":[{"name":"wp","href":"https:\/\/api.w.org\/{rel}","templated":true}]}}