{"id":13,"date":"2020-04-12T22:46:58","date_gmt":"2020-04-12T20:46:58","guid":{"rendered":"http:\/\/www.littlefarmcosmetics.be\/?page_id=13"},"modified":"2020-06-05T10:33:12","modified_gmt":"2020-06-05T08:33:12","slug":"accueil","status":"publish","type":"page","link":"https:\/\/www.littlefarmcosmetics.be\/","title":{"rendered":"Bienvenue"},"content":{"rendered":"\n<h1 class=\"font-family: &quot;Courier new&quot; wp-block-heading\">Little Farm vous invite \u00e0 profiter d\u2019un choix unique de cosm\u00e9tiques bio &amp; naturels, respectueux de la nature et de notre \u00e9cosyst\u00e8me, pens\u00e9s et formul\u00e9s pour prendre soin de votre visage, de votre corps ou de vos cheveux.<\/h1>\n\n\n\n<div class=\"wp-block-buttons is-layout-flex wp-block-buttons-is-layout-flex\">\n<div class=\"wp-block-button is-style-outline\"><a class=\"wp-block-button__link\" href=\"http:\/\/littlefarm.be\/se-pomponner\/\" target=\"_blank\" rel=\"noreferrer noopener\">D\u00e9couvrez notre gamme de soins compl\u00e8te<\/a><\/div>\n<\/div>\n\n\n\n<div style=\"height:20px\" aria-hidden=\"true\" class=\"wp-block-spacer\"><\/div>\n\n\n\n<p>En tout, ce sont plus de 35 produits de grande qualit\u00e9 qui vous attendent !<br>Des cosm\u00e9tiques biologiques et naturels d\u00e9di\u00e9s aux femmes, aux hommes, aux enfants et \u00e0 tous les types de peaux.<br><br>Notre \u00e9quipe recherche les meilleurs m\u00e9langes possibles et cr\u00e9e des soins efficaces sans compromis sur la sensorialit\u00e9 : textures agr\u00e9ables, parfum d\u00e9licat.<br><br>La nature a pens\u00e9 \u00e0 tout le monde\u2026. Nous aussi.<\/p>\n\n\n\n<figure class=\"wp-block-gallery columns-3 is-cropped wp-block-gallery-1 is-layout-flex wp-block-gallery-is-layout-flex\"><ul class=\"blocks-gallery-grid\"><li class=\"blocks-gallery-item\"><figure><img loading=\"lazy\" decoding=\"async\" width=\"1024\" height=\"1024\" src=\"http:\/\/www.littlefarmcosmetics.be\/wp-content\/uploads\/2020\/04\/COFFRET-FETE-DES-MERES-1024x1024.jpg\" alt=\"\" data-id=\"78\" data-link=\"http:\/\/www.littlefarmcosmetics.be\/?attachment_id=78\" class=\"wp-image-78\" srcset=\"https:\/\/www.littlefarmcosmetics.be\/wp-content\/uploads\/2020\/04\/COFFRET-FETE-DES-MERES-1024x1024.jpg 1024w, https:\/\/www.littlefarmcosmetics.be\/wp-content\/uploads\/2020\/04\/COFFRET-FETE-DES-MERES-300x300.jpg 300w, https:\/\/www.littlefarmcosmetics.be\/wp-content\/uploads\/2020\/04\/COFFRET-FETE-DES-MERES-150x150.jpg 150w, https:\/\/www.littlefarmcosmetics.be\/wp-content\/uploads\/2020\/04\/COFFRET-FETE-DES-MERES-768x768.jpg 768w, https:\/\/www.littlefarmcosmetics.be\/wp-content\/uploads\/2020\/04\/COFFRET-FETE-DES-MERES-1536x1536.jpg 1536w, https:\/\/www.littlefarmcosmetics.be\/wp-content\/uploads\/2020\/04\/COFFRET-FETE-DES-MERES-2048x2048.jpg 2048w, https:\/\/www.littlefarmcosmetics.be\/wp-content\/uploads\/2020\/04\/COFFRET-FETE-DES-MERES-100x100.jpg 100w\" sizes=\"(max-width: 706px) 89vw, (max-width: 767px) 82vw, 740px\" \/><\/figure><\/li><li class=\"blocks-gallery-item\"><figure><img loading=\"lazy\" decoding=\"async\" width=\"1024\" height=\"1024\" src=\"http:\/\/www.littlefarmcosmetics.be\/wp-content\/uploads\/2020\/04\/COFFRET-GERANIUM-1024x1024.jpg\" alt=\"\" data-id=\"79\" data-link=\"http:\/\/www.littlefarmcosmetics.be\/?attachment_id=79\" class=\"wp-image-79\" srcset=\"https:\/\/www.littlefarmcosmetics.be\/wp-content\/uploads\/2020\/04\/COFFRET-GERANIUM-1024x1024.jpg 1024w, https:\/\/www.littlefarmcosmetics.be\/wp-content\/uploads\/2020\/04\/COFFRET-GERANIUM-300x300.jpg 300w, https:\/\/www.littlefarmcosmetics.be\/wp-content\/uploads\/2020\/04\/COFFRET-GERANIUM-150x150.jpg 150w, https:\/\/www.littlefarmcosmetics.be\/wp-content\/uploads\/2020\/04\/COFFRET-GERANIUM-768x768.jpg 768w, https:\/\/www.littlefarmcosmetics.be\/wp-content\/uploads\/2020\/04\/COFFRET-GERANIUM-1536x1536.jpg 1536w, https:\/\/www.littlefarmcosmetics.be\/wp-content\/uploads\/2020\/04\/COFFRET-GERANIUM-2048x2048.jpg 2048w, https:\/\/www.littlefarmcosmetics.be\/wp-content\/uploads\/2020\/04\/COFFRET-GERANIUM-100x100.jpg 100w\" sizes=\"(max-width: 706px) 89vw, (max-width: 767px) 82vw, 740px\" \/><\/figure><\/li><li class=\"blocks-gallery-item\"><figure><img loading=\"lazy\" decoding=\"async\" width=\"1024\" height=\"1024\" src=\"http:\/\/www.littlefarmcosmetics.be\/wp-content\/uploads\/2020\/04\/COFFRET-HUILES-PRECIEUSES_2-1024x1024.jpg\" alt=\"\" data-id=\"80\" data-link=\"http:\/\/www.littlefarmcosmetics.be\/?attachment_id=80\" class=\"wp-image-80\" srcset=\"https:\/\/www.littlefarmcosmetics.be\/wp-content\/uploads\/2020\/04\/COFFRET-HUILES-PRECIEUSES_2-1024x1024.jpg 1024w, https:\/\/www.littlefarmcosmetics.be\/wp-content\/uploads\/2020\/04\/COFFRET-HUILES-PRECIEUSES_2-300x300.jpg 300w, https:\/\/www.littlefarmcosmetics.be\/wp-content\/uploads\/2020\/04\/COFFRET-HUILES-PRECIEUSES_2-150x150.jpg 150w, https:\/\/www.littlefarmcosmetics.be\/wp-content\/uploads\/2020\/04\/COFFRET-HUILES-PRECIEUSES_2-768x768.jpg 768w, https:\/\/www.littlefarmcosmetics.be\/wp-content\/uploads\/2020\/04\/COFFRET-HUILES-PRECIEUSES_2-1536x1536.jpg 1536w, https:\/\/www.littlefarmcosmetics.be\/wp-content\/uploads\/2020\/04\/COFFRET-HUILES-PRECIEUSES_2-2048x2048.jpg 2048w, https:\/\/www.littlefarmcosmetics.be\/wp-content\/uploads\/2020\/04\/COFFRET-HUILES-PRECIEUSES_2-100x100.jpg 100w\" sizes=\"(max-width: 706px) 89vw, (max-width: 767px) 82vw, 740px\" \/><\/figure><\/li><li class=\"blocks-gallery-item\"><figure><img loading=\"lazy\" decoding=\"async\" width=\"1024\" height=\"1024\" src=\"http:\/\/www.littlefarmcosmetics.be\/wp-content\/uploads\/2020\/06\/IMG_5985-1024x1024.jpg\" alt=\"\" data-id=\"160\" data-full-url=\"http:\/\/www.littlefarmcosmetics.be\/wp-content\/uploads\/2020\/06\/IMG_5985-scaled.jpg\" data-link=\"http:\/\/www.littlefarmcosmetics.be\/?attachment_id=160\" class=\"wp-image-160\" srcset=\"https:\/\/www.littlefarmcosmetics.be\/wp-content\/uploads\/2020\/06\/IMG_5985-1024x1024.jpg 1024w, https:\/\/www.littlefarmcosmetics.be\/wp-content\/uploads\/2020\/06\/IMG_5985-300x300.jpg 300w, https:\/\/www.littlefarmcosmetics.be\/wp-content\/uploads\/2020\/06\/IMG_5985-150x150.jpg 150w, https:\/\/www.littlefarmcosmetics.be\/wp-content\/uploads\/2020\/06\/IMG_5985-768x768.jpg 768w, https:\/\/www.littlefarmcosmetics.be\/wp-content\/uploads\/2020\/06\/IMG_5985-1536x1536.jpg 1536w, https:\/\/www.littlefarmcosmetics.be\/wp-content\/uploads\/2020\/06\/IMG_5985-2048x2048.jpg 2048w, https:\/\/www.littlefarmcosmetics.be\/wp-content\/uploads\/2020\/06\/IMG_5985-100x100.jpg 100w\" sizes=\"(max-width: 706px) 89vw, (max-width: 767px) 82vw, 740px\" \/><\/figure><\/li><\/ul><\/figure>\n\n\n\n<p><\/p>\n","protected":false},"excerpt":{"rendered":"<p>Little Farm vous invite \u00e0 profiter d\u2019un choix unique de cosm\u00e9tiques bio &amp; naturels, respectueux de la nature et de notre \u00e9cosyst\u00e8me, pens\u00e9s et formul\u00e9s pour prendre soin de votre visage, de votre corps ou de vos cheveux. En tout, ce sont plus de 35 produits de grande qualit\u00e9 qui vous attendent !Des cosm\u00e9tiques biologiques &hellip; <\/p>\n<p class=\"link-more\"><a href=\"https:\/\/www.littlefarmcosmetics.be\/\" class=\"more-link\">Continue reading<span class=\"screen-reader-text\"> &#8220;Bienvenue&#8221;<\/span><\/a><\/p>\n","protected":false},"author":1,"featured_media":0,"parent":0,"menu_order":0,"comment_status":"closed","ping_status":"closed","template":"","meta":{"_monsterinsights_skip_tracking":false,"_monsterinsights_sitenote_active":false,"_monsterinsights_sitenote_note":"","_monsterinsights_sitenote_category":0,"footnotes":""},"_links":{"self":[{"href":"https:\/\/www.littlefarmcosmetics.be\/index.php?rest_route=\/wp\/v2\/pages\/13"}],"collection":[{"href":"https:\/\/www.littlefarmcosmetics.be\/index.php?rest_route=\/wp\/v2\/pages"}],"about":[{"href":"https:\/\/www.littlefarmcosmetics.be\/index.php?rest_route=\/wp\/v2\/types\/page"}],"author":[{"embeddable":true,"href":"https:\/\/www.littlefarmcosmetics.be\/index.php?rest_route=\/wp\/v2\/users\/1"}],"replies":[{"embeddable":true,"href":"https:\/\/www.littlefarmcosmetics.be\/index.php?rest_route=%2Fwp%2Fv2%2Fcomments&post=13"}],"version-history":[{"count":8,"href":"https:\/\/www.littlefarmcosmetics.be\/index.php?rest_route=\/wp\/v2\/pages\/13\/revisions"}],"predecessor-version":[{"id":161,"href":"https:\/\/www.littlefarmcosmetics.be\/index.php?rest_route=\/wp\/v2\/pages\/13\/revisions\/161"}],"wp:attachment":[{"href":"https:\/\/www.littlefarmcosmetics.be\/index.php?rest_route=%2Fwp%2Fv2%2Fmedia&parent=13"}],"curies":[{"name":"wp","href":"https:\/\/api.w.org\/{rel}","templated":true}]}}